{"id":2180,"date":"2024-12-03T11:55:46","date_gmt":"2024-12-03T10:55:46","guid":{"rendered":"https:\/\/new.fecupral.sk\/?page_id=2180"},"modified":"2025-02-19T20:09:48","modified_gmt":"2025-02-19T19:09:48","slug":"eu-projects","status":"publish","type":"page","link":"https:\/\/fecupral.sk\/en\/projekty-z-eu\/","title":{"rendered":"EU Projects"},"content":{"rendered":"<div data-elementor-type=\"wp-page\" data-elementor-id=\"2180\" class=\"elementor elementor-2180\" data-elementor-settings=\"{&quot;ha_cmc_init_switcher&quot;:&quot;no&quot;}\" data-elementor-post-type=\"page\">\n\t\t\t\t<div class=\"elementor-element elementor-element-6d260a4 e-flex e-con-boxed e-con e-parent\" data-id=\"6d260a4\" data-element_type=\"container\" data-e-type=\"container\" data-settings=\"{&quot;background_background&quot;:&quot;classic&quot;,&quot;_ha_eqh_enable&quot;:false}\">\n\t\t\t\t\t<div class=\"e-con-inner\">\n\t\t\t\t<div class=\"elementor-element elementor-element-393d2c7 elementor-invisible elementor-widget elementor-widget-heading\" data-id=\"393d2c7\" data-element_type=\"widget\" data-e-type=\"widget\" data-settings=\"{&quot;_animation&quot;:&quot;fadeInUp&quot;}\" data-widget_type=\"heading.default\">\n\t\t\t\t<div class=\"elementor-widget-container\">\n\t\t\t\t\t<h2 class=\"elementor-heading-title elementor-size-default\">EU Projects<\/h2>\t\t\t\t<\/div>\n\t\t\t\t<\/div>\n\t\t\t\t\t<\/div>\n\t\t\t\t<\/div>\n\t\t<div class=\"elementor-element elementor-element-c41ddd0 e-flex e-con-boxed e-con e-parent\" data-id=\"c41ddd0\" data-element_type=\"container\" data-e-type=\"container\" data-settings=\"{&quot;background_background&quot;:&quot;classic&quot;,&quot;_ha_eqh_enable&quot;:false}\">\n\t\t\t\t\t<div class=\"e-con-inner\">\n\t\t<div class=\"elementor-element elementor-element-fd046b5 e-con-full e-flex e-con e-child\" data-id=\"fd046b5\" data-element_type=\"container\" data-e-type=\"container\" data-settings=\"{&quot;_ha_eqh_enable&quot;:false}\">\n\t\t\t\t<div class=\"elementor-element elementor-element-8873276 elementor-invisible elementor-widget elementor-widget-heading\" data-id=\"8873276\" data-element_type=\"widget\" data-e-type=\"widget\" data-settings=\"{&quot;_animation&quot;:&quot;fadeInUp&quot;}\" data-widget_type=\"heading.default\">\n\t\t\t\t<div class=\"elementor-widget-container\">\n\t\t\t\t\t<h2 class=\"elementor-heading-title elementor-size-default\">PROJECT <br>\n\"Innovation of the process of development and testing of waste batteries, creation of battery management systems and development of cooperation with the School of Electrical Engineering for the purpose of increasing professional practice in the field of electromobilisation of the European Union\"<\/h2>\t\t\t\t<\/div>\n\t\t\t\t<\/div>\n\t\t\t\t<\/div>\n\t\t\t\t\t<\/div>\n\t\t\t\t<\/div>\n\t\t<div class=\"elementor-element elementor-element-053c251 e-flex e-con-boxed e-con e-parent\" data-id=\"053c251\" data-element_type=\"container\" data-e-type=\"container\" data-settings=\"{&quot;_ha_eqh_enable&quot;:false}\">\n\t\t\t\t\t<div class=\"e-con-inner\">\n\t\t<div class=\"elementor-element elementor-element-5e2e471 e-con-full e-flex e-con e-child\" data-id=\"5e2e471\" data-element_type=\"container\" data-e-type=\"container\" data-settings=\"{&quot;background_background&quot;:&quot;classic&quot;}\">\n\t\t\t\t<div class=\"elementor-element elementor-element-02f1ab2 elementor-widget elementor-widget-text-editor\" data-id=\"02f1ab2\" data-element_type=\"widget\" data-e-type=\"widget\" data-widget_type=\"text-editor.default\">\n\t\t\t\t<div class=\"elementor-widget-container\">\n\t\t\t\t\t\t\t\t\t<p><strong>Intermediate body:<\/strong><\/p>\t\t\t\t\t\t\t\t<\/div>\n\t\t\t\t<\/div>\n\t\t<div class=\"elementor-element elementor-element-9397a06 e-con-full e-flex e-con e-child\" data-id=\"9397a06\" data-element_type=\"container\" data-e-type=\"container\" data-settings=\"{&quot;_ha_eqh_enable&quot;:false}\">\n\t\t\t\t<div class=\"elementor-element elementor-element-5f58eae elementor-widget elementor-widget-image\" data-id=\"5f58eae\" data-element_type=\"widget\" data-e-type=\"widget\" data-widget_type=\"image.default\">\n\t\t\t\t<div class=\"elementor-widget-container\">\n\t\t\t\t\t\t\t\t\t\t\t\t\t\t\t<img fetchpriority=\"high\" decoding=\"async\" width=\"464\" height=\"212\" src=\"https:\/\/fecupral.sk\/wp-content\/uploads\/2024\/12\/Picture2.png\" class=\"attachment-large size-large wp-image-2188\" alt=\"\" srcset=\"https:\/\/fecupral.sk\/wp-content\/uploads\/2024\/12\/Picture2.png 464w, https:\/\/fecupral.sk\/wp-content\/uploads\/2024\/12\/Picture2-300x137.png 300w\" sizes=\"(max-width: 464px) 100vw, 464px\" \/>\t\t\t\t\t\t\t\t\t\t\t\t\t\t\t<\/div>\n\t\t\t\t<\/div>\n\t\t\t\t<div class=\"elementor-element elementor-element-1978bca elementor-widget elementor-widget-image\" data-id=\"1978bca\" data-element_type=\"widget\" data-e-type=\"widget\" data-widget_type=\"image.default\">\n\t\t\t\t<div class=\"elementor-widget-container\">\n\t\t\t\t\t\t\t\t\t\t\t\t\t\t\t<img decoding=\"async\" width=\"800\" height=\"220\" src=\"https:\/\/fecupral.sk\/wp-content\/uploads\/2024\/12\/Picture1-1024x281.png\" class=\"attachment-large size-large wp-image-2189\" alt=\"\" srcset=\"https:\/\/fecupral.sk\/wp-content\/uploads\/2024\/12\/Picture1-1024x281.png 1024w, https:\/\/fecupral.sk\/wp-content\/uploads\/2024\/12\/Picture1-300x82.png 300w, https:\/\/fecupral.sk\/wp-content\/uploads\/2024\/12\/Picture1-768x211.png 768w, https:\/\/fecupral.sk\/wp-content\/uploads\/2024\/12\/Picture1.png 1456w\" sizes=\"(max-width: 800px) 100vw, 800px\" \/>\t\t\t\t\t\t\t\t\t\t\t\t\t\t\t<\/div>\n\t\t\t\t<\/div>\n\t\t\t\t<\/div>\n\t\t\t\t<div class=\"elementor-element elementor-element-1024b2e elementor-widget elementor-widget-text-editor\" data-id=\"1024b2e\" data-element_type=\"widget\" data-e-type=\"widget\" data-widget_type=\"text-editor.default\">\n\t\t\t\t<div class=\"elementor-widget-container\">\n\t\t\t\t\t\t\t\t\t<p><strong>Recipient: <\/strong>FECUPRAL, spol. s r.o.<br \/><strong>Place of realization: <\/strong>Pre\u0161ov<br \/><strong>Specific objective: 3.3.1: <\/strong>Increasing the competitiveness of SMEs in the development phase<\/p>\t\t\t\t\t\t\t\t<\/div>\n\t\t\t\t<\/div>\n\t\t\t\t<div class=\"elementor-element elementor-element-6ae0046 elementor-widget elementor-widget-text-editor\" data-id=\"6ae0046\" data-element_type=\"widget\" data-e-type=\"widget\" data-widget_type=\"text-editor.default\">\n\t\t\t\t<div class=\"elementor-widget-container\">\n\t\t\t\t\t\t\t\t\t<p><strong>Brief description of the project:<\/strong><\/p>\n<p>The main objective of the project is to increase the competitiveness of FECUPRAL, spol. s r.o., to maintain its economic development and to develop cooperation with the Secondary School of Electrical Engineering in Pre\u0161ov in the form of dual education, through the innovation of the recycling process of waste from the processing of waste batteries and waste from the production of batteries.<\/p>\n<p>The subject of the project is the construction of a fully functional test laboratory designed for the assembly, measurement and testing of battery cells using waste battery material. The newly established laboratory will be equipped with analytical and laboratory instruments assembled in logical units (process lines). The establishment and technological equipment of a specialised laboratory at the company's site will ensure local and sustainable testing and analysis of materials by the company's own capacities, ensure quality control of the products produced and optimise the processing of raw materials. This will innovate the process of recycling waste material from battery and cell production.<\/p>\n<p>Students in Electrical Engineering will have the opportunity to learn battery cell manufacturing procedures, battery system management development procedures and battery cell system setup methods, measure, analyze and evaluate data and collected data during practical exercises.<\/p>\t\t\t\t\t\t\t\t<\/div>\n\t\t\t\t<\/div>\n\t\t\t\t<div class=\"elementor-element elementor-element-3cd0e56 elementor-widget elementor-widget-text-editor\" data-id=\"3cd0e56\" data-element_type=\"widget\" data-e-type=\"widget\" data-widget_type=\"text-editor.default\">\n\t\t\t\t<div class=\"elementor-widget-container\">\n\t\t\t\t\t\t\t\t\t<p><strong>Amount of the contracted non-repayable financial contribution: EUR 163 532,70<br \/><br \/><\/strong><\/p>\n<p><strong>The implementation of the project will lead to the fulfilment of the measurable indicators:<\/strong><\/p>\n<p>P0091: Increase in employment in assisted enterprises: 1<br \/>P0284: Number of enterprises receiving grants: 1<br \/>P0288: Number of enterprises receiving support to introduce products that are new to the company: 1<br \/>P0289: Number of enterprises receiving support to introduce products that are new to the market: 1<br \/>P0512: Number of products that are new to the company: 2<br \/>P0513: Number of products that are new to the market: 2<br \/>P0760: Number of upgraded processes: 1<br \/>P0869: Number of jobs created occupied by people from disadvantaged groups: 1<\/p>\t\t\t\t\t\t\t\t<\/div>\n\t\t\t\t<\/div>\n\t\t\t\t<div class=\"elementor-element elementor-element-4587aa0 elementor-widget elementor-widget-text-editor\" data-id=\"4587aa0\" data-element_type=\"widget\" data-e-type=\"widget\" data-widget_type=\"text-editor.default\">\n\t\t\t\t<div class=\"elementor-widget-container\">\n\t\t\t\t\t\t\t\t\t<p>Information on the Operational Programme Integrated Infrastructure 2014-2020 can be found at <span style=\"text-decoration: underline;\"><span style=\"color: #3d67b0; text-decoration: underline;\"><a style=\"color: #3d67b0; text-decoration: underline;\" href=\"https:\/\/www.opii.gov.sk\/\"><strong>www.opii.gov.sk<\/strong><\/a><\/span><\/span><br><span style=\"text-decoration: underline; color: #3d67b0;\"><a style=\"color: #3d67b0;\" href=\"https:\/\/www.eurofondy.sk\/\"><strong>www.eurofondy.sk<\/strong><\/a> <\/span><br><span style=\"text-decoration: underline; color: #3d67b0;\"><a style=\"color: #3d67b0;\" href=\"https:\/\/www.opvai.sk\/\"><strong>www.opvai.sk<\/strong><\/a><\/span><\/p>\t\t\t\t\t\t\t\t<\/div>\n\t\t\t\t<\/div>\n\t\t\t\t<\/div>\n\t\t\t\t\t<\/div>\n\t\t\t\t<\/div>\n\t\t\t\t<\/div>","protected":false},"excerpt":{"rendered":"<p>Projekty z E\u00da PROJEKT \u201eInov\u00e1cia procesu v\u00fdvoja a testovania odpadov\u00fdch bat\u00e9ri\u00ed, tvorby syst\u00e9mov mana\u017ementu bat\u00e9rie a rozvoj spolupr\u00e1ce so SP\u0160 elektrotechnickou pre \u00fa\u010dely zv\u00fd\u0161enia odbornej praxe v oblasti elektromobiliz\u00e1cie Eur\u00f3pskej \u00fanie\u201c Sprostredkovate\u013esk\u00fd org\u00e1n: Prij\u00edmate\u013e: FECUPRAL, spol. s r.o.Miesto realiz\u00e1cie: Pre\u0161ov\u0160pecifick\u00fd cie\u013e: 3.3.1: Zv\u00fd\u0161enie konkurencieschopnosti MSP vo f\u00e1ze rozvoja Stru\u010dn\u00fd opis projektu: Hlavn\u00fdm cie\u013eom projektu je [&hellip;]<\/p>\n","protected":false},"author":1,"featured_media":0,"parent":0,"menu_order":0,"comment_status":"closed","ping_status":"closed","template":"","meta":{"footnotes":""},"class_list":["post-2180","page","type-page","status-publish","hentry"],"yoast_head":"<!-- This site is optimized with the Yoast SEO plugin v27.4 - https:\/\/yoast.com\/product\/yoast-seo-wordpress\/ -->\n<title>Projekty z E\u00da | Fecupral<\/title>\n<meta name=\"description\" content=\"Cie\u013eom projektu z E\u00da je zv\u00fd\u0161enie konkurencieschopnosti spolo\u010dnosti FECUPRAL, udr\u017eanie jej ekonomick\u00e9ho rozvoja a rozvoj spolupr\u00e1ce so SP\u0160 elektrotechnickou v Pre\u0161ove formou du\u00e1lneho vzdel\u00e1vania, prostredn\u00edctvom inov\u00e1cie procesu recykl\u00e1cie odpadov zo spracovania odpadov\u00fdch bat\u00e9ri\u00ed a odpadov z v\u00fdroby bat\u00e9ri\u00ed.\" \/>\n<meta name=\"robots\" content=\"index, follow, max-snippet:-1, max-image-preview:large, max-video-preview:-1\" \/>\n<link rel=\"canonical\" href=\"https:\/\/fecupral.sk\/en\/eu-projects\/\" \/>\n<meta property=\"og:locale\" content=\"en_US\" \/>\n<meta property=\"og:type\" content=\"article\" \/>\n<meta property=\"og:title\" content=\"Projekty z E\u00da | Fecupral\" \/>\n<meta property=\"og:description\" content=\"Cie\u013eom projektu z E\u00da je zv\u00fd\u0161enie konkurencieschopnosti spolo\u010dnosti FECUPRAL, udr\u017eanie jej ekonomick\u00e9ho rozvoja a rozvoj spolupr\u00e1ce so SP\u0160 elektrotechnickou v Pre\u0161ove formou du\u00e1lneho vzdel\u00e1vania, prostredn\u00edctvom inov\u00e1cie procesu recykl\u00e1cie odpadov zo spracovania odpadov\u00fdch bat\u00e9ri\u00ed a odpadov z v\u00fdroby bat\u00e9ri\u00ed.\" \/>\n<meta property=\"og:url\" content=\"https:\/\/fecupral.sk\/en\/eu-projects\/\" \/>\n<meta property=\"og:site_name\" content=\"FECUPRAL, spol. s r.o.\" \/>\n<meta property=\"article:modified_time\" content=\"2025-02-19T19:09:48+00:00\" \/>\n<meta property=\"og:image\" content=\"https:\/\/fecupral.sk\/wp-content\/uploads\/2024\/12\/Picture2.png\" \/>\n<meta name=\"twitter:card\" content=\"summary_large_image\" \/>\n<meta name=\"twitter:label1\" content=\"Est. reading time\" \/>\n\t<meta name=\"twitter:data1\" content=\"3 minutes\" \/>\n<script type=\"application\/ld+json\" class=\"yoast-schema-graph\">{\"@context\":\"https:\\\/\\\/schema.org\",\"@graph\":[{\"@type\":\"WebPage\",\"@id\":\"https:\\\/\\\/fecupral.sk\\\/projekty-z-eu\\\/\",\"url\":\"https:\\\/\\\/fecupral.sk\\\/projekty-z-eu\\\/\",\"name\":\"Projekty z E\u00da | Fecupral\",\"isPartOf\":{\"@id\":\"https:\\\/\\\/fecupral.sk\\\/#website\"},\"primaryImageOfPage\":{\"@id\":\"https:\\\/\\\/fecupral.sk\\\/projekty-z-eu\\\/#primaryimage\"},\"image\":{\"@id\":\"https:\\\/\\\/fecupral.sk\\\/projekty-z-eu\\\/#primaryimage\"},\"thumbnailUrl\":\"https:\\\/\\\/fecupral.sk\\\/wp-content\\\/uploads\\\/2024\\\/12\\\/Picture2.png\",\"datePublished\":\"2024-12-03T10:55:46+00:00\",\"dateModified\":\"2025-02-19T19:09:48+00:00\",\"description\":\"Cie\u013eom projektu z E\u00da je zv\u00fd\u0161enie konkurencieschopnosti spolo\u010dnosti FECUPRAL, udr\u017eanie jej ekonomick\u00e9ho rozvoja a rozvoj spolupr\u00e1ce so SP\u0160 elektrotechnickou v Pre\u0161ove formou du\u00e1lneho vzdel\u00e1vania, prostredn\u00edctvom inov\u00e1cie procesu recykl\u00e1cie odpadov zo spracovania odpadov\u00fdch bat\u00e9ri\u00ed a odpadov z v\u00fdroby bat\u00e9ri\u00ed.\",\"breadcrumb\":{\"@id\":\"https:\\\/\\\/fecupral.sk\\\/projekty-z-eu\\\/#breadcrumb\"},\"inLanguage\":\"en-US\",\"potentialAction\":[{\"@type\":\"ReadAction\",\"target\":[\"https:\\\/\\\/fecupral.sk\\\/projekty-z-eu\\\/\"]}]},{\"@type\":\"ImageObject\",\"inLanguage\":\"en-US\",\"@id\":\"https:\\\/\\\/fecupral.sk\\\/projekty-z-eu\\\/#primaryimage\",\"url\":\"https:\\\/\\\/fecupral.sk\\\/wp-content\\\/uploads\\\/2024\\\/12\\\/Picture2.png\",\"contentUrl\":\"https:\\\/\\\/fecupral.sk\\\/wp-content\\\/uploads\\\/2024\\\/12\\\/Picture2.png\"},{\"@type\":\"BreadcrumbList\",\"@id\":\"https:\\\/\\\/fecupral.sk\\\/projekty-z-eu\\\/#breadcrumb\",\"itemListElement\":[{\"@type\":\"ListItem\",\"position\":1,\"name\":\"Domovsk\u00e1 str\u00e1nka\",\"item\":\"https:\\\/\\\/fecupral.sk\\\/\"},{\"@type\":\"ListItem\",\"position\":2,\"name\":\"Projekty z E\u00da\"}]},{\"@type\":\"WebSite\",\"@id\":\"https:\\\/\\\/fecupral.sk\\\/#website\",\"url\":\"https:\\\/\\\/fecupral.sk\\\/\",\"name\":\"FECUPRAL\",\"description\":\"Va\u0161e odpady, na\u0161e rie\u0161enie\",\"publisher\":{\"@id\":\"https:\\\/\\\/fecupral.sk\\\/#organization\"},\"potentialAction\":[{\"@type\":\"SearchAction\",\"target\":{\"@type\":\"EntryPoint\",\"urlTemplate\":\"https:\\\/\\\/fecupral.sk\\\/?s={search_term_string}\"},\"query-input\":{\"@type\":\"PropertyValueSpecification\",\"valueRequired\":true,\"valueName\":\"search_term_string\"}}],\"inLanguage\":\"en-US\"},{\"@type\":\"Organization\",\"@id\":\"https:\\\/\\\/fecupral.sk\\\/#organization\",\"name\":\"FECUPRAL\",\"url\":\"https:\\\/\\\/fecupral.sk\\\/\",\"logo\":{\"@type\":\"ImageObject\",\"inLanguage\":\"en-US\",\"@id\":\"https:\\\/\\\/fecupral.sk\\\/#\\\/schema\\\/logo\\\/image\\\/\",\"url\":\"https:\\\/\\\/fecupral.sk\\\/wp-content\\\/uploads\\\/2025\\\/02\\\/favicon-fecupral.png\",\"contentUrl\":\"https:\\\/\\\/fecupral.sk\\\/wp-content\\\/uploads\\\/2025\\\/02\\\/favicon-fecupral.png\",\"width\":500,\"height\":500,\"caption\":\"FECUPRAL\"},\"image\":{\"@id\":\"https:\\\/\\\/fecupral.sk\\\/#\\\/schema\\\/logo\\\/image\\\/\"}}]}<\/script>\n<!-- \/ Yoast SEO plugin. -->","yoast_head_json":{"title":"EU projects | Fecupral","description":"The aim of the EU project is to increase the competitiveness of FECUPRAL, to maintain its economic development and to develop cooperation with the Secondary School of Electrical Engineering in Pre\u0161ov in the form of dual education, through the innovation of the recycling process of waste from the processing of waste batteries and waste from the production of batteries.","robots":{"index":"index","follow":"follow","max-snippet":"max-snippet:-1","max-image-preview":"max-image-preview:large","max-video-preview":"max-video-preview:-1"},"canonical":"https:\/\/fecupral.sk\/en\/eu-projects\/","og_locale":"en_US","og_type":"article","og_title":"Projekty z E\u00da | Fecupral","og_description":"Cie\u013eom projektu z E\u00da je zv\u00fd\u0161enie konkurencieschopnosti spolo\u010dnosti FECUPRAL, udr\u017eanie jej ekonomick\u00e9ho rozvoja a rozvoj spolupr\u00e1ce so SP\u0160 elektrotechnickou v Pre\u0161ove formou du\u00e1lneho vzdel\u00e1vania, prostredn\u00edctvom inov\u00e1cie procesu recykl\u00e1cie odpadov zo spracovania odpadov\u00fdch bat\u00e9ri\u00ed a odpadov z v\u00fdroby bat\u00e9ri\u00ed.","og_url":"https:\/\/fecupral.sk\/en\/eu-projects\/","og_site_name":"FECUPRAL, spol. s r.o.","article_modified_time":"2025-02-19T19:09:48+00:00","og_image":[{"url":"https:\/\/fecupral.sk\/wp-content\/uploads\/2024\/12\/Picture2.png","type":"","width":"","height":""}],"twitter_card":"summary_large_image","twitter_misc":{"Est. reading time":"3 minutes"},"schema":{"@context":"https:\/\/schema.org","@graph":[{"@type":"WebPage","@id":"https:\/\/fecupral.sk\/projekty-z-eu\/","url":"https:\/\/fecupral.sk\/projekty-z-eu\/","name":"EU projects | Fecupral","isPartOf":{"@id":"https:\/\/fecupral.sk\/#website"},"primaryImageOfPage":{"@id":"https:\/\/fecupral.sk\/projekty-z-eu\/#primaryimage"},"image":{"@id":"https:\/\/fecupral.sk\/projekty-z-eu\/#primaryimage"},"thumbnailUrl":"https:\/\/fecupral.sk\/wp-content\/uploads\/2024\/12\/Picture2.png","datePublished":"2024-12-03T10:55:46+00:00","dateModified":"2025-02-19T19:09:48+00:00","description":"The aim of the EU project is to increase the competitiveness of FECUPRAL, to maintain its economic development and to develop cooperation with the Secondary School of Electrical Engineering in Pre\u0161ov in the form of dual education, through the innovation of the recycling process of waste from the processing of waste batteries and waste from the production of batteries.","breadcrumb":{"@id":"https:\/\/fecupral.sk\/projekty-z-eu\/#breadcrumb"},"inLanguage":"en-US","potentialAction":[{"@type":"ReadAction","target":["https:\/\/fecupral.sk\/projekty-z-eu\/"]}]},{"@type":"ImageObject","inLanguage":"en-US","@id":"https:\/\/fecupral.sk\/projekty-z-eu\/#primaryimage","url":"https:\/\/fecupral.sk\/wp-content\/uploads\/2024\/12\/Picture2.png","contentUrl":"https:\/\/fecupral.sk\/wp-content\/uploads\/2024\/12\/Picture2.png"},{"@type":"BreadcrumbList","@id":"https:\/\/fecupral.sk\/projekty-z-eu\/#breadcrumb","itemListElement":[{"@type":"ListItem","position":1,"name":"Domovsk\u00e1 str\u00e1nka","item":"https:\/\/fecupral.sk\/"},{"@type":"ListItem","position":2,"name":"Projekty z E\u00da"}]},{"@type":"WebSite","@id":"https:\/\/fecupral.sk\/#website","url":"https:\/\/fecupral.sk\/","name":"FECUPRAL","description":"Your waste, our solution","publisher":{"@id":"https:\/\/fecupral.sk\/#organization"},"potentialAction":[{"@type":"SearchAction","target":{"@type":"EntryPoint","urlTemplate":"https:\/\/fecupral.sk\/?s={search_term_string}"},"query-input":{"@type":"PropertyValueSpecification","valueRequired":true,"valueName":"search_term_string"}}],"inLanguage":"en-US"},{"@type":"Organization","@id":"https:\/\/fecupral.sk\/#organization","name":"FECUPRAL","url":"https:\/\/fecupral.sk\/","logo":{"@type":"ImageObject","inLanguage":"en-US","@id":"https:\/\/fecupral.sk\/#\/schema\/logo\/image\/","url":"https:\/\/fecupral.sk\/wp-content\/uploads\/2025\/02\/favicon-fecupral.png","contentUrl":"https:\/\/fecupral.sk\/wp-content\/uploads\/2025\/02\/favicon-fecupral.png","width":500,"height":500,"caption":"FECUPRAL"},"image":{"@id":"https:\/\/fecupral.sk\/#\/schema\/logo\/image\/"}}]}},"_links":{"self":[{"href":"https:\/\/fecupral.sk\/en\/wp-json\/wp\/v2\/pages\/2180","targetHints":{"allow":["GET"]}}],"collection":[{"href":"https:\/\/fecupral.sk\/en\/wp-json\/wp\/v2\/pages"}],"about":[{"href":"https:\/\/fecupral.sk\/en\/wp-json\/wp\/v2\/types\/page"}],"author":[{"embeddable":true,"href":"https:\/\/fecupral.sk\/en\/wp-json\/wp\/v2\/users\/1"}],"replies":[{"embeddable":true,"href":"https:\/\/fecupral.sk\/en\/wp-json\/wp\/v2\/comments?post=2180"}],"version-history":[{"count":49,"href":"https:\/\/fecupral.sk\/en\/wp-json\/wp\/v2\/pages\/2180\/revisions"}],"predecessor-version":[{"id":2235,"href":"https:\/\/fecupral.sk\/en\/wp-json\/wp\/v2\/pages\/2180\/revisions\/2235"}],"wp:attachment":[{"href":"https:\/\/fecupral.sk\/en\/wp-json\/wp\/v2\/media?parent=2180"}],"curies":[{"name":"wp","href":"https:\/\/api.w.org\/{rel}","templated":true}]}}