{"id":2410,"date":"2024-12-04T12:17:34","date_gmt":"2024-12-04T11:17:34","guid":{"rendered":"https:\/\/new.fecupral.sk\/?page_id=2410"},"modified":"2025-02-19T20:22:14","modified_gmt":"2025-02-19T19:22:14","slug":"we-transport","status":"publish","type":"page","link":"https:\/\/fecupral.sk\/en\/nase-sluzby\/prepravujeme\/","title":{"rendered":"We Transport"},"content":{"rendered":"<div data-elementor-type=\"wp-page\" data-elementor-id=\"2410\" class=\"elementor elementor-2410\" data-elementor-settings=\"{&quot;ha_cmc_init_switcher&quot;:&quot;no&quot;}\" data-elementor-post-type=\"page\">\n\t\t\t\t<div class=\"elementor-element elementor-element-6d260a4 e-flex e-con-boxed e-con e-parent\" data-id=\"6d260a4\" data-element_type=\"container\" data-e-type=\"container\" data-settings=\"{&quot;background_background&quot;:&quot;classic&quot;,&quot;_ha_eqh_enable&quot;:false}\">\n\t\t\t\t\t<div class=\"e-con-inner\">\n\t\t\t\t<div class=\"elementor-element elementor-element-016489a elementor-invisible elementor-widget elementor-widget-heading\" data-id=\"016489a\" data-element_type=\"widget\" data-e-type=\"widget\" data-settings=\"{&quot;_animation&quot;:&quot;fadeInDown&quot;}\" data-widget_type=\"heading.default\">\n\t\t\t\t<div class=\"elementor-widget-container\">\n\t\t\t\t\t<h2 class=\"elementor-heading-title elementor-size-default\">OUR SERVICES<\/h2>\t\t\t\t<\/div>\n\t\t\t\t<\/div>\n\t\t\t\t<div class=\"elementor-element elementor-element-747b11e elementor-invisible elementor-widget elementor-widget-heading\" data-id=\"747b11e\" data-element_type=\"widget\" data-e-type=\"widget\" data-settings=\"{&quot;_animation&quot;:&quot;fadeInUp&quot;}\" data-widget_type=\"heading.default\">\n\t\t\t\t<div class=\"elementor-widget-container\">\n\t\t\t\t\t<h2 class=\"elementor-heading-title elementor-size-default\">We Transport<\/h2>\t\t\t\t<\/div>\n\t\t\t\t<\/div>\n\t\t\t\t\t<\/div>\n\t\t\t\t<\/div>\n\t\t<div class=\"elementor-element elementor-element-da66313 e-flex e-con-boxed e-con e-parent\" data-id=\"da66313\" data-element_type=\"container\" data-e-type=\"container\" data-settings=\"{&quot;_ha_eqh_enable&quot;:false}\">\n\t\t\t\t\t<div class=\"e-con-inner\">\n\t\t<div class=\"elementor-element elementor-element-0260324 e-con-full e-flex e-con e-child\" data-id=\"0260324\" data-element_type=\"container\" data-e-type=\"container\" data-settings=\"{&quot;_ha_eqh_enable&quot;:false}\">\n\t\t\t\t<div class=\"elementor-element elementor-element-dd3e177 elementor-widget elementor-widget-text-editor\" data-id=\"dd3e177\" data-element_type=\"widget\" data-e-type=\"widget\" data-widget_type=\"text-editor.default\">\n\t\t\t\t<div class=\"elementor-widget-container\">\n\t\t\t\t\t\t\t\t\t<p>Fecupral, s.r.o. provides transport not only of other wastes, but also of hazardous wastes, both solid and liquid.<\/p><p>In order to avoid endangering human health and the environment, it is necessary to comply with the strict rules laid down in Act No. 58\/2012 Coll. on Road Transport. It also fully implements the ADR Agreement, which regulates the transport of dangerous goods by road in more detail.<\/p><p>Collection and transport is provided by a wide range of modern collection and transport equipment that complies with ADR requirements. Our fleet is mainly made up of vehicles with hook and chain loading bodies with press bodies or hydraulic arms. The transport of liquid waste, especially oils, is provided by tanker.<\/p><p>We can also provide our clients with different types of collection containers as well as <span style=\"color: #b1ca29;\"><a style=\"color: #b1ca29;\" href=\"https:\/\/fecupral.sk\/en\/our-services\/we-rent\/\"><strong>rental of containers<\/strong><\/a> <\/span>- from large volume open (with a volume of 5, 7, 10 m3) through stretchable closed (with a volume of 20, 30, 36 m3) to pressing with additional stationary or built-in mobile press.<\/p>\t\t\t\t\t\t\t\t<\/div>\n\t\t\t\t<\/div>\n\t\t\t\t<\/div>\n\t\t\t\t\t<\/div>\n\t\t\t\t<\/div>\n\t\t<div class=\"elementor-element elementor-element-d0431e7 e-flex e-con-boxed e-con e-parent\" data-id=\"d0431e7\" data-element_type=\"container\" data-e-type=\"container\" data-settings=\"{&quot;background_background&quot;:&quot;classic&quot;,&quot;_ha_eqh_enable&quot;:false}\">\n\t\t\t\t\t<div class=\"e-con-inner\">\n\t\t<div class=\"elementor-element elementor-element-b5cedc7 e-con-full e-flex e-con e-child\" data-id=\"b5cedc7\" data-element_type=\"container\" data-e-type=\"container\" data-settings=\"{&quot;_ha_eqh_enable&quot;:false}\">\n\t\t\t\t<div class=\"elementor-element elementor-element-5380c66 elementor-widget elementor-widget-heading\" data-id=\"5380c66\" data-element_type=\"widget\" data-e-type=\"widget\" data-widget_type=\"heading.default\">\n\t\t\t\t<div class=\"elementor-widget-container\">\n\t\t\t\t\t<h2 class=\"elementor-heading-title elementor-size-default\">Our Vehicles<\/h2>\t\t\t\t<\/div>\n\t\t\t\t<\/div>\n\t\t\t\t<div class=\"elementor-element elementor-element-ac78709 elementor-widget elementor-widget-ucaddon_uc_carousel_image\" data-id=\"ac78709\" data-element_type=\"widget\" data-e-type=\"widget\" data-widget_type=\"ucaddon_uc_carousel_image.default\">\n\t\t\t\t<div class=\"elementor-widget-container\">\n\t\t\t\t\t\n<!-- start Carousel Gallery -->\n\t\t<link id='unitegallery-css' href='https:\/\/fecupral.sk\/wp-content\/plugins\/unlimited-elements-for-elementor-premium\/assets_libraries\/unitegallery\/css\/unite-gallery.css' type='text\/css' rel='stylesheet' >\n\n\n<div id=\"uc_uc_carousel_image_elementor_ac78709\" style=\"display:none;\" class=\"uc-items-wrapper\" data-custom-sethtml=\"true\" >\n\n\n<img decoding=\"async\" alt=\"\"\n   src=\"https:\/\/fecupral.sk\/wp-content\/uploads\/2024\/12\/IMG_20180427_142722_1-1-768x1024.jpg\"\n    data-image=\"https:\/\/fecupral.sk\/wp-content\/uploads\/2024\/12\/IMG_20180427_142722_1-1-768x1024.jpg\">\n\n<img decoding=\"async\" alt=\"\"\n   src=\"https:\/\/fecupral.sk\/wp-content\/uploads\/2024\/12\/DSC_0110-768x512.jpg\"\n    data-image=\"https:\/\/fecupral.sk\/wp-content\/uploads\/2024\/12\/DSC_0110-1024x683.jpg\">\n\n<img decoding=\"async\" alt=\"\"\n   src=\"https:\/\/fecupral.sk\/wp-content\/uploads\/2024\/12\/auta-1-768x576.jpg\"\n    data-image=\"https:\/\/fecupral.sk\/wp-content\/uploads\/2024\/12\/auta-1-1024x768.jpg\">\n\n<img decoding=\"async\" alt=\"\"\n   src=\"https:\/\/fecupral.sk\/wp-content\/uploads\/2024\/12\/prepravujeme2-1-768x543.jpg\"\n    data-image=\"https:\/\/fecupral.sk\/wp-content\/uploads\/2024\/12\/prepravujeme2-1-1024x725.jpg\">\n\n<img decoding=\"async\" alt=\"\"\n   src=\"https:\/\/fecupral.sk\/wp-content\/uploads\/2024\/12\/DSC_0108-1-768x512.jpg\"\n    data-image=\"https:\/\/fecupral.sk\/wp-content\/uploads\/2024\/12\/DSC_0108-1-1024x683.jpg\">\n\n<img decoding=\"async\" alt=\"\"\n   src=\"https:\/\/fecupral.sk\/wp-content\/uploads\/2024\/12\/DSC_0105-768x512.jpg\"\n    data-image=\"https:\/\/fecupral.sk\/wp-content\/uploads\/2024\/12\/DSC_0105-1024x683.jpg\">\n\n  \n<\/div>\n<!-- end Carousel Gallery -->\t\t\t\t<\/div>\n\t\t\t\t<\/div>\n\t\t\t\t<div class=\"elementor-element elementor-element-1f8fe3c elementor-align-center elementor-mobile-align-center elementor-widget elementor-widget-button\" data-id=\"1f8fe3c\" data-element_type=\"widget\" data-e-type=\"widget\" data-widget_type=\"button.default\">\n\t\t\t\t<div class=\"elementor-widget-container\">\n\t\t\t\t\t\t\t\t\t<div class=\"elementor-button-wrapper\">\n\t\t\t\t\t<a class=\"elementor-button elementor-button-link elementor-size-sm\" href=\"https:\/\/fecupral.sk\/en\/contact\/\" target=\"_blank\">\n\t\t\t\t\t\t<span class=\"elementor-button-content-wrapper\">\n\t\t\t\t\t\t\t\t\t<span class=\"elementor-button-text\">ORDER WASTE COLLECTION<\/span>\n\t\t\t\t\t<\/span>\n\t\t\t\t\t<\/a>\n\t\t\t\t<\/div>\n\t\t\t\t\t\t\t\t<\/div>\n\t\t\t\t<\/div>\n\t\t\t\t<\/div>\n\t\t\t\t\t<\/div>\n\t\t\t\t<\/div>\n\t\t\t\t<\/div>","protected":false},"excerpt":{"rendered":"<p>NA\u0160E SLU\u017dBY Prepravujeme Spolo\u010dnos\u0165 Fecupral, s.r.o. zabezpe\u010duje prepravu nie len ostatn\u00fdch odpadov, ale taktie\u017e nebezpe\u010dn\u00fdch odpadov a to tuh\u00fdch ako aj kvapaln\u00fdch. Aby nedo\u0161lo k ohrozeniu zdravia \u013eud\u00ed a \u017eivotn\u00e9ho prostredia je potrebn\u00e9 dodr\u017eiava\u0165 pr\u00edsne pravidl\u00e1, ktor\u00e9 stanovuje z\u00e1kon NR S \u010d. 58\/2012 Z. z. o cestnej doprave. V \u0148om je v plnom znen\u00ed implementovan\u00e1 [&hellip;]<\/p>\n","protected":false},"author":1,"featured_media":0,"parent":1333,"menu_order":0,"comment_status":"closed","ping_status":"closed","template":"","meta":{"footnotes":""},"class_list":["post-2410","page","type-page","status-publish","hentry"],"yoast_head":"<!-- This site is optimized with the Yoast SEO plugin v27.4 - https:\/\/yoast.com\/product\/yoast-seo-wordpress\/ -->\n<title>Prepravujeme | Fecupral<\/title>\n<meta name=\"description\" content=\"Spolo\u010dnos\u0165 Fecupral prepravuje nie len ostatn\u00e9 odpady, ale taktie\u017e nebezpe\u010dn\u00e9 odpady a to tuh\u00e9 ako aj kvapaln\u00e9.\" \/>\n<meta name=\"robots\" content=\"index, follow, max-snippet:-1, max-image-preview:large, max-video-preview:-1\" \/>\n<link rel=\"canonical\" href=\"https:\/\/fecupral.sk\/en\/our-services\/we-transport\/\" \/>\n<meta property=\"og:locale\" content=\"en_US\" \/>\n<meta property=\"og:type\" content=\"article\" \/>\n<meta property=\"og:title\" content=\"Prepravujeme | Fecupral\" \/>\n<meta property=\"og:description\" content=\"Spolo\u010dnos\u0165 Fecupral prepravuje nie len ostatn\u00e9 odpady, ale taktie\u017e nebezpe\u010dn\u00e9 odpady a to tuh\u00e9 ako aj kvapaln\u00e9.\" \/>\n<meta property=\"og:url\" content=\"https:\/\/fecupral.sk\/en\/our-services\/we-transport\/\" \/>\n<meta property=\"og:site_name\" content=\"FECUPRAL, spol. s r.o.\" \/>\n<meta property=\"article:modified_time\" content=\"2025-02-19T19:22:14+00:00\" \/>\n<meta property=\"og:image\" content=\"https:\/\/fecupral.sk\/wp-content\/uploads\/2024\/12\/IMG_20180427_142722_1-1-768x1024.jpg\" \/>\n<meta name=\"twitter:card\" content=\"summary_large_image\" \/>\n<meta name=\"twitter:label1\" content=\"Est. reading time\" \/>\n\t<meta name=\"twitter:data1\" content=\"3 minutes\" \/>\n<script type=\"application\/ld+json\" class=\"yoast-schema-graph\">{\"@context\":\"https:\\\/\\\/schema.org\",\"@graph\":[{\"@type\":\"WebPage\",\"@id\":\"https:\\\/\\\/fecupral.sk\\\/nase-sluzby\\\/prepravujeme\\\/\",\"url\":\"https:\\\/\\\/fecupral.sk\\\/nase-sluzby\\\/prepravujeme\\\/\",\"name\":\"Prepravujeme | Fecupral\",\"isPartOf\":{\"@id\":\"https:\\\/\\\/fecupral.sk\\\/#website\"},\"primaryImageOfPage\":{\"@id\":\"https:\\\/\\\/fecupral.sk\\\/nase-sluzby\\\/prepravujeme\\\/#primaryimage\"},\"image\":{\"@id\":\"https:\\\/\\\/fecupral.sk\\\/nase-sluzby\\\/prepravujeme\\\/#primaryimage\"},\"thumbnailUrl\":\"https:\\\/\\\/fecupral.sk\\\/wp-content\\\/uploads\\\/2024\\\/12\\\/IMG_20180427_142722_1-1-768x1024.jpg\",\"datePublished\":\"2024-12-04T11:17:34+00:00\",\"dateModified\":\"2025-02-19T19:22:14+00:00\",\"description\":\"Spolo\u010dnos\u0165 Fecupral prepravuje nie len ostatn\u00e9 odpady, ale taktie\u017e nebezpe\u010dn\u00e9 odpady a to tuh\u00e9 ako aj kvapaln\u00e9.\",\"breadcrumb\":{\"@id\":\"https:\\\/\\\/fecupral.sk\\\/nase-sluzby\\\/prepravujeme\\\/#breadcrumb\"},\"inLanguage\":\"en-US\",\"potentialAction\":[{\"@type\":\"ReadAction\",\"target\":[\"https:\\\/\\\/fecupral.sk\\\/nase-sluzby\\\/prepravujeme\\\/\"]}]},{\"@type\":\"ImageObject\",\"inLanguage\":\"en-US\",\"@id\":\"https:\\\/\\\/fecupral.sk\\\/nase-sluzby\\\/prepravujeme\\\/#primaryimage\",\"url\":\"https:\\\/\\\/fecupral.sk\\\/wp-content\\\/uploads\\\/2024\\\/12\\\/IMG_20180427_142722_1-1-768x1024.jpg\",\"contentUrl\":\"https:\\\/\\\/fecupral.sk\\\/wp-content\\\/uploads\\\/2024\\\/12\\\/IMG_20180427_142722_1-1-768x1024.jpg\"},{\"@type\":\"BreadcrumbList\",\"@id\":\"https:\\\/\\\/fecupral.sk\\\/nase-sluzby\\\/prepravujeme\\\/#breadcrumb\",\"itemListElement\":[{\"@type\":\"ListItem\",\"position\":1,\"name\":\"Domovsk\u00e1 str\u00e1nka\",\"item\":\"https:\\\/\\\/fecupral.sk\\\/\"},{\"@type\":\"ListItem\",\"position\":2,\"name\":\"Na\u0161e slu\u017eby\",\"item\":\"https:\\\/\\\/fecupral.sk\\\/nase-sluzby\\\/\"},{\"@type\":\"ListItem\",\"position\":3,\"name\":\"Prepravujeme\"}]},{\"@type\":\"WebSite\",\"@id\":\"https:\\\/\\\/fecupral.sk\\\/#website\",\"url\":\"https:\\\/\\\/fecupral.sk\\\/\",\"name\":\"FECUPRAL\",\"description\":\"Va\u0161e odpady, na\u0161e rie\u0161enie\",\"publisher\":{\"@id\":\"https:\\\/\\\/fecupral.sk\\\/#organization\"},\"potentialAction\":[{\"@type\":\"SearchAction\",\"target\":{\"@type\":\"EntryPoint\",\"urlTemplate\":\"https:\\\/\\\/fecupral.sk\\\/?s={search_term_string}\"},\"query-input\":{\"@type\":\"PropertyValueSpecification\",\"valueRequired\":true,\"valueName\":\"search_term_string\"}}],\"inLanguage\":\"en-US\"},{\"@type\":\"Organization\",\"@id\":\"https:\\\/\\\/fecupral.sk\\\/#organization\",\"name\":\"FECUPRAL\",\"url\":\"https:\\\/\\\/fecupral.sk\\\/\",\"logo\":{\"@type\":\"ImageObject\",\"inLanguage\":\"en-US\",\"@id\":\"https:\\\/\\\/fecupral.sk\\\/#\\\/schema\\\/logo\\\/image\\\/\",\"url\":\"https:\\\/\\\/fecupral.sk\\\/wp-content\\\/uploads\\\/2025\\\/02\\\/favicon-fecupral.png\",\"contentUrl\":\"https:\\\/\\\/fecupral.sk\\\/wp-content\\\/uploads\\\/2025\\\/02\\\/favicon-fecupral.png\",\"width\":500,\"height\":500,\"caption\":\"FECUPRAL\"},\"image\":{\"@id\":\"https:\\\/\\\/fecupral.sk\\\/#\\\/schema\\\/logo\\\/image\\\/\"}}]}<\/script>\n<!-- \/ Yoast SEO plugin. -->","yoast_head_json":{"title":"We transport | Fecupral","description":"Fecupral transports not only other waste, but also hazardous waste, both solid and liquid.","robots":{"index":"index","follow":"follow","max-snippet":"max-snippet:-1","max-image-preview":"max-image-preview:large","max-video-preview":"max-video-preview:-1"},"canonical":"https:\/\/fecupral.sk\/en\/our-services\/we-transport\/","og_locale":"en_US","og_type":"article","og_title":"Prepravujeme | Fecupral","og_description":"Spolo\u010dnos\u0165 Fecupral prepravuje nie len ostatn\u00e9 odpady, ale taktie\u017e nebezpe\u010dn\u00e9 odpady a to tuh\u00e9 ako aj kvapaln\u00e9.","og_url":"https:\/\/fecupral.sk\/en\/our-services\/we-transport\/","og_site_name":"FECUPRAL, spol. s r.o.","article_modified_time":"2025-02-19T19:22:14+00:00","og_image":[{"url":"https:\/\/fecupral.sk\/wp-content\/uploads\/2024\/12\/IMG_20180427_142722_1-1-768x1024.jpg","type":"","width":"","height":""}],"twitter_card":"summary_large_image","twitter_misc":{"Est. reading time":"3 minutes"},"schema":{"@context":"https:\/\/schema.org","@graph":[{"@type":"WebPage","@id":"https:\/\/fecupral.sk\/nase-sluzby\/prepravujeme\/","url":"https:\/\/fecupral.sk\/nase-sluzby\/prepravujeme\/","name":"We transport | Fecupral","isPartOf":{"@id":"https:\/\/fecupral.sk\/#website"},"primaryImageOfPage":{"@id":"https:\/\/fecupral.sk\/nase-sluzby\/prepravujeme\/#primaryimage"},"image":{"@id":"https:\/\/fecupral.sk\/nase-sluzby\/prepravujeme\/#primaryimage"},"thumbnailUrl":"https:\/\/fecupral.sk\/wp-content\/uploads\/2024\/12\/IMG_20180427_142722_1-1-768x1024.jpg","datePublished":"2024-12-04T11:17:34+00:00","dateModified":"2025-02-19T19:22:14+00:00","description":"Fecupral transports not only other waste, but also hazardous waste, both solid and liquid.","breadcrumb":{"@id":"https:\/\/fecupral.sk\/nase-sluzby\/prepravujeme\/#breadcrumb"},"inLanguage":"en-US","potentialAction":[{"@type":"ReadAction","target":["https:\/\/fecupral.sk\/nase-sluzby\/prepravujeme\/"]}]},{"@type":"ImageObject","inLanguage":"en-US","@id":"https:\/\/fecupral.sk\/nase-sluzby\/prepravujeme\/#primaryimage","url":"https:\/\/fecupral.sk\/wp-content\/uploads\/2024\/12\/IMG_20180427_142722_1-1-768x1024.jpg","contentUrl":"https:\/\/fecupral.sk\/wp-content\/uploads\/2024\/12\/IMG_20180427_142722_1-1-768x1024.jpg"},{"@type":"BreadcrumbList","@id":"https:\/\/fecupral.sk\/nase-sluzby\/prepravujeme\/#breadcrumb","itemListElement":[{"@type":"ListItem","position":1,"name":"Domovsk\u00e1 str\u00e1nka","item":"https:\/\/fecupral.sk\/"},{"@type":"ListItem","position":2,"name":"Na\u0161e slu\u017eby","item":"https:\/\/fecupral.sk\/nase-sluzby\/"},{"@type":"ListItem","position":3,"name":"Prepravujeme"}]},{"@type":"WebSite","@id":"https:\/\/fecupral.sk\/#website","url":"https:\/\/fecupral.sk\/","name":"FECUPRAL","description":"Your waste, our solution","publisher":{"@id":"https:\/\/fecupral.sk\/#organization"},"potentialAction":[{"@type":"SearchAction","target":{"@type":"EntryPoint","urlTemplate":"https:\/\/fecupral.sk\/?s={search_term_string}"},"query-input":{"@type":"PropertyValueSpecification","valueRequired":true,"valueName":"search_term_string"}}],"inLanguage":"en-US"},{"@type":"Organization","@id":"https:\/\/fecupral.sk\/#organization","name":"FECUPRAL","url":"https:\/\/fecupral.sk\/","logo":{"@type":"ImageObject","inLanguage":"en-US","@id":"https:\/\/fecupral.sk\/#\/schema\/logo\/image\/","url":"https:\/\/fecupral.sk\/wp-content\/uploads\/2025\/02\/favicon-fecupral.png","contentUrl":"https:\/\/fecupral.sk\/wp-content\/uploads\/2025\/02\/favicon-fecupral.png","width":500,"height":500,"caption":"FECUPRAL"},"image":{"@id":"https:\/\/fecupral.sk\/#\/schema\/logo\/image\/"}}]}},"_links":{"self":[{"href":"https:\/\/fecupral.sk\/en\/wp-json\/wp\/v2\/pages\/2410","targetHints":{"allow":["GET"]}}],"collection":[{"href":"https:\/\/fecupral.sk\/en\/wp-json\/wp\/v2\/pages"}],"about":[{"href":"https:\/\/fecupral.sk\/en\/wp-json\/wp\/v2\/types\/page"}],"author":[{"embeddable":true,"href":"https:\/\/fecupral.sk\/en\/wp-json\/wp\/v2\/users\/1"}],"replies":[{"embeddable":true,"href":"https:\/\/fecupral.sk\/en\/wp-json\/wp\/v2\/comments?post=2410"}],"version-history":[{"count":22,"href":"https:\/\/fecupral.sk\/en\/wp-json\/wp\/v2\/pages\/2410\/revisions"}],"predecessor-version":[{"id":2689,"href":"https:\/\/fecupral.sk\/en\/wp-json\/wp\/v2\/pages\/2410\/revisions\/2689"}],"up":[{"embeddable":true,"href":"https:\/\/fecupral.sk\/en\/wp-json\/wp\/v2\/pages\/1333"}],"wp:attachment":[{"href":"https:\/\/fecupral.sk\/en\/wp-json\/wp\/v2\/media?parent=2410"}],"curies":[{"name":"wp","href":"https:\/\/api.w.org\/{rel}","templated":true}]}}