{"id":2705,"date":"2024-12-13T15:44:40","date_gmt":"2024-12-13T14:44:40","guid":{"rendered":"https:\/\/new.fecupral.sk\/?page_id=2705"},"modified":"2025-02-19T20:06:33","modified_gmt":"2025-02-19T19:06:33","slug":"protection-of-personal-data","status":"publish","type":"page","link":"https:\/\/fecupral.sk\/en\/ochrana-osobnych-udajov\/","title":{"rendered":"Privacy Policy"},"content":{"rendered":"<div data-elementor-type=\"wp-page\" data-elementor-id=\"2705\" class=\"elementor elementor-2705\" data-elementor-settings=\"{&quot;ha_cmc_init_switcher&quot;:&quot;no&quot;}\" data-elementor-post-type=\"page\">\n\t\t\t\t<div class=\"elementor-element elementor-element-5c4a00b e-flex e-con-boxed e-con e-parent\" data-id=\"5c4a00b\" data-element_type=\"container\" data-e-type=\"container\" data-settings=\"{&quot;_ha_eqh_enable&quot;:false}\">\n\t\t\t\t\t<div class=\"e-con-inner\">\n\t\t\t\t<div class=\"elementor-element elementor-element-522805d elementor-widget elementor-widget-heading\" data-id=\"522805d\" data-element_type=\"widget\" data-e-type=\"widget\" data-widget_type=\"heading.default\">\n\t\t\t\t<div class=\"elementor-widget-container\">\n\t\t\t\t\t<h2 class=\"elementor-heading-title elementor-size-default\">Privacy Policy<\/h2>\t\t\t\t<\/div>\n\t\t\t\t<\/div>\n\t\t\t\t<div class=\"elementor-element elementor-element-f79b3b3 elementor-widget elementor-widget-text-editor\" data-id=\"f79b3b3\" data-element_type=\"widget\" data-e-type=\"widget\" data-widget_type=\"text-editor.default\">\n\t\t\t\t<div class=\"elementor-widget-container\">\n\t\t\t\t\t\t\t\t\t<p><strong>Operator<\/strong><\/p><p>For the purposes of GDPR 2016\/679 according to Article 4, the operator of this website www.fecupral.sk (Fecupral, spol. s r.o., \u013d. \u0160t\u00fara 17, 082 21 Ve\u013ek\u00fd \u0160ari\u0161) is also the controller of the system processing your personal data.<\/p><p><strong>Person concerned<\/strong><\/p><p>For the purposes of personal data protection, a Data Subject is a person who purchases goods and\/or services from the Controller or enters into business communication with a representative of the Controller. We consider the data you provide to us to be complete and accurate.<\/p><p><strong>The type of personal data we collect directly from you<\/strong><\/p><p>We process your first name, last name, e-mail address, telephone number, company address, VAT number and IP address, if we have requested it from you for billing purposes or further communication. We do not record or ascertain anything more about you than what you have directly provided to us. We consider the information you provide to us to be complete and accurate.<\/p><p><strong>Personal information we may obtain about you through service providers<\/strong><\/p><p>Indirectly, we can obtain some categories of information. Namely through Google, which may provide information about when and from where you visited our website. We use this information solely for analytical purposes in order to improve the accessibility of our website.<\/p><p><strong>Why we collect information and how we use it<\/strong><\/p><p>We collect and process your personal information in order to:<br \/>a) processing invoices and payments for goods ordered by you<br \/>b) communicating with you as our client, which you have become by purchasing our services or goods or by us having another form of business relationship<br \/>c) contacting you to provide you with marketing and business offers that we think may be of interest to you.<\/p><p><strong>We do not provide your data to anyone else for use<\/strong><\/p><p>(a) with the exception of courier companies for the purpose of delivery of goods<br \/>b) to the ecomail.cz server for the purpose of sending bulk business correspondence (newsletter).<br \/>(c) except where the regulatory, tax and public authorities or investigative authorities, as the case may be, are permitted to do so by the relevant law<\/p><p><strong>We keep your data secure on secure servers and all backup copies are stored in Slovakia<\/strong><\/p><p><strong>Under the GDPR, you have the right to access all the data we collect as well as the right to have your data forgotten.<\/strong><\/p><p>You can request access to all the information we hold about you as well as corrections to it and to stop us processing it and delete it. You also have the right to request that we supply your data in a structured, machine-readable form.<br \/>We hold billing information for 10 years based on tax laws. We will do so immediately upon a request to forget.<br \/>At the same time, as a Data Subject, you also have the right to lodge a complaint with the supervisory authority, which is the Office for Personal Data Protection of the Slovak Republic (www.dataprotection.gov.sk)<\/p><p><strong>Where can you find out more about the processing of your personal data and our compliance with GDPR standards?<\/strong><\/p><p>Simply send us an email at fecupral@fecupral.sk<\/p>\t\t\t\t\t\t\t\t<\/div>\n\t\t\t\t<\/div>\n\t\t\t\t\t<\/div>\n\t\t\t\t<\/div>\n\t\t\t\t<\/div>","protected":false},"excerpt":{"rendered":"<p>Ochrana osobn\u00fdch \u00fadajov Prev\u00e1dzkovate\u013e Pre \u00fa\u010dely GDPR 2016\/679 pod\u013ea \u010dl\u00e1nku \u010dl 4 je prev\u00e1dzkovate\u013e tohto webu www.fecupral.sk (Fecupral, spol. s r.o., \u013d. \u0160t\u00fara 17, 082 21 Ve\u013ek\u00fd \u0160ari\u0161) z\u00e1rove\u0148 prev\u00e1dzkovate\u013e syst\u00e9mu sprac\u00favaj\u00faceho Va\u0161e osobn\u00e9 \u00fadaje. Dotknut\u00e1 osoba Pre \u00fa\u010dely ochrany osobn\u00fdch \u00fadajov sa za Dotknut\u00fa osobu pova\u017euje osoba, ktor\u00e1 u prev\u00e1dzkovate\u013ea nakupuje tovar a\/alebo slu\u017eby, [&hellip;]<\/p>\n","protected":false},"author":1,"featured_media":0,"parent":0,"menu_order":0,"comment_status":"closed","ping_status":"closed","template":"","meta":{"footnotes":""},"class_list":["post-2705","page","type-page","status-publish","hentry"],"yoast_head":"<!-- This site is optimized with the Yoast SEO plugin v27.4 - https:\/\/yoast.com\/product\/yoast-seo-wordpress\/ -->\n<title>Ochrana osobn\u00fdch \u00fadajov | Fecupral<\/title>\n<meta name=\"description\" content=\"Ochrana osobn\u00fdch \u00fadajov - Fecupral. Va\u0161e osobn\u00e9 \u00fadaje spracuv\u00e1vame v s\u00falade s platnou legislat\u00edvou a so z\u00e1sadami spracovania osobn\u00fdch \u00fadajov.\" \/>\n<meta name=\"robots\" content=\"index, follow, max-snippet:-1, max-image-preview:large, max-video-preview:-1\" \/>\n<link rel=\"canonical\" href=\"https:\/\/fecupral.sk\/en\/protection-of-personal-data\/\" \/>\n<meta property=\"og:locale\" content=\"en_US\" \/>\n<meta property=\"og:type\" content=\"article\" \/>\n<meta property=\"og:title\" content=\"Ochrana osobn\u00fdch \u00fadajov | Fecupral\" \/>\n<meta property=\"og:description\" content=\"Ochrana osobn\u00fdch \u00fadajov - Fecupral. Va\u0161e osobn\u00e9 \u00fadaje spracuv\u00e1vame v s\u00falade s platnou legislat\u00edvou a so z\u00e1sadami spracovania osobn\u00fdch \u00fadajov.\" \/>\n<meta property=\"og:url\" content=\"https:\/\/fecupral.sk\/en\/protection-of-personal-data\/\" \/>\n<meta property=\"og:site_name\" content=\"FECUPRAL, spol. s r.o.\" \/>\n<meta property=\"article:modified_time\" content=\"2025-02-19T19:06:33+00:00\" \/>\n<meta name=\"twitter:card\" content=\"summary_large_image\" \/>\n<meta name=\"twitter:label1\" content=\"Est. reading time\" \/>\n\t<meta name=\"twitter:data1\" content=\"3 minutes\" \/>\n<script type=\"application\/ld+json\" class=\"yoast-schema-graph\">{\"@context\":\"https:\\\/\\\/schema.org\",\"@graph\":[{\"@type\":\"WebPage\",\"@id\":\"https:\\\/\\\/fecupral.sk\\\/ochrana-osobnych-udajov\\\/\",\"url\":\"https:\\\/\\\/fecupral.sk\\\/ochrana-osobnych-udajov\\\/\",\"name\":\"Ochrana osobn\u00fdch \u00fadajov | Fecupral\",\"isPartOf\":{\"@id\":\"https:\\\/\\\/fecupral.sk\\\/#website\"},\"datePublished\":\"2024-12-13T14:44:40+00:00\",\"dateModified\":\"2025-02-19T19:06:33+00:00\",\"description\":\"Ochrana osobn\u00fdch \u00fadajov - Fecupral. Va\u0161e osobn\u00e9 \u00fadaje spracuv\u00e1vame v s\u00falade s platnou legislat\u00edvou a so z\u00e1sadami spracovania osobn\u00fdch \u00fadajov.\",\"breadcrumb\":{\"@id\":\"https:\\\/\\\/fecupral.sk\\\/ochrana-osobnych-udajov\\\/#breadcrumb\"},\"inLanguage\":\"en-US\",\"potentialAction\":[{\"@type\":\"ReadAction\",\"target\":[\"https:\\\/\\\/fecupral.sk\\\/ochrana-osobnych-udajov\\\/\"]}]},{\"@type\":\"BreadcrumbList\",\"@id\":\"https:\\\/\\\/fecupral.sk\\\/ochrana-osobnych-udajov\\\/#breadcrumb\",\"itemListElement\":[{\"@type\":\"ListItem\",\"position\":1,\"name\":\"Domovsk\u00e1 str\u00e1nka\",\"item\":\"https:\\\/\\\/fecupral.sk\\\/\"},{\"@type\":\"ListItem\",\"position\":2,\"name\":\"Ochrana osobn\u00fdch \u00fadajov\"}]},{\"@type\":\"WebSite\",\"@id\":\"https:\\\/\\\/fecupral.sk\\\/#website\",\"url\":\"https:\\\/\\\/fecupral.sk\\\/\",\"name\":\"FECUPRAL\",\"description\":\"Va\u0161e odpady, na\u0161e rie\u0161enie\",\"publisher\":{\"@id\":\"https:\\\/\\\/fecupral.sk\\\/#organization\"},\"potentialAction\":[{\"@type\":\"SearchAction\",\"target\":{\"@type\":\"EntryPoint\",\"urlTemplate\":\"https:\\\/\\\/fecupral.sk\\\/?s={search_term_string}\"},\"query-input\":{\"@type\":\"PropertyValueSpecification\",\"valueRequired\":true,\"valueName\":\"search_term_string\"}}],\"inLanguage\":\"en-US\"},{\"@type\":\"Organization\",\"@id\":\"https:\\\/\\\/fecupral.sk\\\/#organization\",\"name\":\"FECUPRAL\",\"url\":\"https:\\\/\\\/fecupral.sk\\\/\",\"logo\":{\"@type\":\"ImageObject\",\"inLanguage\":\"en-US\",\"@id\":\"https:\\\/\\\/fecupral.sk\\\/#\\\/schema\\\/logo\\\/image\\\/\",\"url\":\"https:\\\/\\\/fecupral.sk\\\/wp-content\\\/uploads\\\/2025\\\/02\\\/favicon-fecupral.png\",\"contentUrl\":\"https:\\\/\\\/fecupral.sk\\\/wp-content\\\/uploads\\\/2025\\\/02\\\/favicon-fecupral.png\",\"width\":500,\"height\":500,\"caption\":\"FECUPRAL\"},\"image\":{\"@id\":\"https:\\\/\\\/fecupral.sk\\\/#\\\/schema\\\/logo\\\/image\\\/\"}}]}<\/script>\n<!-- \/ Yoast SEO plugin. -->","yoast_head_json":{"title":"Privacy Policy | Fecupral","description":"Privacy Policy - Fecupral. We process your personal data in accordance with applicable legislation and the principles of personal data processing.","robots":{"index":"index","follow":"follow","max-snippet":"max-snippet:-1","max-image-preview":"max-image-preview:large","max-video-preview":"max-video-preview:-1"},"canonical":"https:\/\/fecupral.sk\/en\/protection-of-personal-data\/","og_locale":"en_US","og_type":"article","og_title":"Ochrana osobn\u00fdch \u00fadajov | Fecupral","og_description":"Ochrana osobn\u00fdch \u00fadajov - Fecupral. Va\u0161e osobn\u00e9 \u00fadaje spracuv\u00e1vame v s\u00falade s platnou legislat\u00edvou a so z\u00e1sadami spracovania osobn\u00fdch \u00fadajov.","og_url":"https:\/\/fecupral.sk\/en\/protection-of-personal-data\/","og_site_name":"FECUPRAL, spol. s r.o.","article_modified_time":"2025-02-19T19:06:33+00:00","twitter_card":"summary_large_image","twitter_misc":{"Est. reading time":"3 minutes"},"schema":{"@context":"https:\/\/schema.org","@graph":[{"@type":"WebPage","@id":"https:\/\/fecupral.sk\/ochrana-osobnych-udajov\/","url":"https:\/\/fecupral.sk\/ochrana-osobnych-udajov\/","name":"Privacy Policy | Fecupral","isPartOf":{"@id":"https:\/\/fecupral.sk\/#website"},"datePublished":"2024-12-13T14:44:40+00:00","dateModified":"2025-02-19T19:06:33+00:00","description":"Privacy Policy - Fecupral. We process your personal data in accordance with applicable legislation and the principles of personal data processing.","breadcrumb":{"@id":"https:\/\/fecupral.sk\/ochrana-osobnych-udajov\/#breadcrumb"},"inLanguage":"en-US","potentialAction":[{"@type":"ReadAction","target":["https:\/\/fecupral.sk\/ochrana-osobnych-udajov\/"]}]},{"@type":"BreadcrumbList","@id":"https:\/\/fecupral.sk\/ochrana-osobnych-udajov\/#breadcrumb","itemListElement":[{"@type":"ListItem","position":1,"name":"Domovsk\u00e1 str\u00e1nka","item":"https:\/\/fecupral.sk\/"},{"@type":"ListItem","position":2,"name":"Ochrana osobn\u00fdch \u00fadajov"}]},{"@type":"WebSite","@id":"https:\/\/fecupral.sk\/#website","url":"https:\/\/fecupral.sk\/","name":"FECUPRAL","description":"Your waste, our solution","publisher":{"@id":"https:\/\/fecupral.sk\/#organization"},"potentialAction":[{"@type":"SearchAction","target":{"@type":"EntryPoint","urlTemplate":"https:\/\/fecupral.sk\/?s={search_term_string}"},"query-input":{"@type":"PropertyValueSpecification","valueRequired":true,"valueName":"search_term_string"}}],"inLanguage":"en-US"},{"@type":"Organization","@id":"https:\/\/fecupral.sk\/#organization","name":"FECUPRAL","url":"https:\/\/fecupral.sk\/","logo":{"@type":"ImageObject","inLanguage":"en-US","@id":"https:\/\/fecupral.sk\/#\/schema\/logo\/image\/","url":"https:\/\/fecupral.sk\/wp-content\/uploads\/2025\/02\/favicon-fecupral.png","contentUrl":"https:\/\/fecupral.sk\/wp-content\/uploads\/2025\/02\/favicon-fecupral.png","width":500,"height":500,"caption":"FECUPRAL"},"image":{"@id":"https:\/\/fecupral.sk\/#\/schema\/logo\/image\/"}}]}},"_links":{"self":[{"href":"https:\/\/fecupral.sk\/en\/wp-json\/wp\/v2\/pages\/2705","targetHints":{"allow":["GET"]}}],"collection":[{"href":"https:\/\/fecupral.sk\/en\/wp-json\/wp\/v2\/pages"}],"about":[{"href":"https:\/\/fecupral.sk\/en\/wp-json\/wp\/v2\/types\/page"}],"author":[{"embeddable":true,"href":"https:\/\/fecupral.sk\/en\/wp-json\/wp\/v2\/users\/1"}],"replies":[{"embeddable":true,"href":"https:\/\/fecupral.sk\/en\/wp-json\/wp\/v2\/comments?post=2705"}],"version-history":[{"count":16,"href":"https:\/\/fecupral.sk\/en\/wp-json\/wp\/v2\/pages\/2705\/revisions"}],"predecessor-version":[{"id":2721,"href":"https:\/\/fecupral.sk\/en\/wp-json\/wp\/v2\/pages\/2705\/revisions\/2721"}],"wp:attachment":[{"href":"https:\/\/fecupral.sk\/en\/wp-json\/wp\/v2\/media?parent=2705"}],"curies":[{"name":"wp","href":"https:\/\/api.w.org\/{rel}","templated":true}]}}