{"id":2894,"date":"2024-12-26T16:52:16","date_gmt":"2024-12-26T15:52:16","guid":{"rendered":"https:\/\/new.fecupral.sk\/?page_id=2894"},"modified":"2025-02-19T20:36:47","modified_gmt":"2025-02-19T19:36:47","slug":"plastics-2","status":"publish","type":"page","link":"https:\/\/fecupral.sk\/en\/nase-sluzby\/recyklujeme\/plasty-2\/","title":{"rendered":"Plastics"},"content":{"rendered":"<div data-elementor-type=\"wp-page\" data-elementor-id=\"2894\" class=\"elementor elementor-2894\" data-elementor-settings=\"{&quot;ha_cmc_init_switcher&quot;:&quot;no&quot;}\" data-elementor-post-type=\"page\">\n\t\t\t\t<div class=\"elementor-element elementor-element-6d260a4 e-flex e-con-boxed e-con e-parent\" data-id=\"6d260a4\" data-element_type=\"container\" data-e-type=\"container\" data-settings=\"{&quot;background_background&quot;:&quot;classic&quot;,&quot;_ha_eqh_enable&quot;:false}\">\n\t\t\t\t\t<div class=\"e-con-inner\">\n\t\t\t\t<div class=\"elementor-element elementor-element-016489a elementor-invisible elementor-widget elementor-widget-heading\" data-id=\"016489a\" data-element_type=\"widget\" data-e-type=\"widget\" data-settings=\"{&quot;_animation&quot;:&quot;fadeInDown&quot;}\" data-widget_type=\"heading.default\">\n\t\t\t\t<div class=\"elementor-widget-container\">\n\t\t\t\t\t<h2 class=\"elementor-heading-title elementor-size-default\">WE RECYCLE<\/h2>\t\t\t\t<\/div>\n\t\t\t\t<\/div>\n\t\t\t\t<div class=\"elementor-element elementor-element-747b11e elementor-invisible elementor-widget elementor-widget-heading\" data-id=\"747b11e\" data-element_type=\"widget\" data-e-type=\"widget\" data-settings=\"{&quot;_animation&quot;:&quot;fadeInUp&quot;}\" data-widget_type=\"heading.default\">\n\t\t\t\t<div class=\"elementor-widget-container\">\n\t\t\t\t\t<h2 class=\"elementor-heading-title elementor-size-default\">Plastics<\/h2>\t\t\t\t<\/div>\n\t\t\t\t<\/div>\n\t\t\t\t\t<\/div>\n\t\t\t\t<\/div>\n\t\t<div class=\"elementor-element elementor-element-da66313 e-flex e-con-boxed e-con e-parent\" data-id=\"da66313\" data-element_type=\"container\" data-e-type=\"container\" data-settings=\"{&quot;_ha_eqh_enable&quot;:false}\">\n\t\t\t\t\t<div class=\"e-con-inner\">\n\t\t<div class=\"elementor-element elementor-element-0260324 e-con-full e-flex e-con e-child\" data-id=\"0260324\" data-element_type=\"container\" data-e-type=\"container\" data-settings=\"{&quot;_ha_eqh_enable&quot;:false}\">\n\t\t\t\t<div class=\"elementor-element elementor-element-dd3e177 elementor-widget elementor-widget-text-editor\" data-id=\"dd3e177\" data-element_type=\"widget\" data-e-type=\"widget\" data-widget_type=\"text-editor.default\">\n\t\t\t\t<div class=\"elementor-widget-container\">\n\t\t\t\t\t\t\t\t\t<p>Plastics are polymers made primarily from petroleum, many of which are very difficult for nature to degrade. Due to their wide range and therefore their chemical composition, different technologies and processes must be used to recycle them.\u00a0<span style=\"color: var( --e-global-color-text );\">Properly sorted categories of plastics can then be efficiently recycled, significantly reducing not only energy consumption and emissions, but above all the amount of plastic waste ending up in landfills.\u00a0<\/span><\/p><p>The recycling process of plastics consists of their mechanical and chemical treatment. The most important part of this process is the rigorous manual and mechanical sorting. Pressing or, if necessary, shredding increases the economic efficiency of transport to the processing site.\u00a0<\/p><p>At the processors of these wastes, these materials are cleaned, ground and then either melted or made into a granulate ready for shipment to manufacturers of new plastic products.<\/p>\t\t\t\t\t\t\t\t<\/div>\n\t\t\t\t<\/div>\n\t\t\t\t<\/div>\n\t\t\t\t\t<\/div>\n\t\t\t\t<\/div>\n\t\t<div class=\"elementor-element elementor-element-5abb3b7 e-flex e-con-boxed e-con e-parent\" data-id=\"5abb3b7\" data-element_type=\"container\" data-e-type=\"container\" data-settings=\"{&quot;background_background&quot;:&quot;classic&quot;,&quot;_ha_eqh_enable&quot;:false}\">\n\t\t\t\t\t<div class=\"e-con-inner\">\n\t\t<div class=\"elementor-element elementor-element-c95e32b e-con-full e-flex e-con e-child\" data-id=\"c95e32b\" data-element_type=\"container\" data-e-type=\"container\" data-settings=\"{&quot;_ha_eqh_enable&quot;:false}\">\n\t\t\t\t<div class=\"elementor-element elementor-element-cc80fd6 elementor-widget elementor-widget-text-editor\" data-id=\"cc80fd6\" data-element_type=\"widget\" data-e-type=\"widget\" data-widget_type=\"text-editor.default\">\n\t\t\t\t<div class=\"elementor-widget-container\">\n\t\t\t\t\t\t\t\t\t<p>\"Recycling <span style=\"color: #b1ca29;\">1 tonne of plastic bottles, <\/span>save <span style=\"color: #b1ca29;\">1.5 tons of carbon.<\/span>\"<\/p>\t\t\t\t\t\t\t\t<\/div>\n\t\t\t\t<\/div>\n\t\t\t\t<\/div>\n\t\t\t\t\t<\/div>\n\t\t\t\t<\/div>\n\t\t<div class=\"elementor-element elementor-element-0214548 e-flex e-con-boxed e-con e-parent\" data-id=\"0214548\" data-element_type=\"container\" data-e-type=\"container\" data-settings=\"{&quot;_ha_eqh_enable&quot;:false}\">\n\t\t\t\t\t<div class=\"e-con-inner\">\n\t\t<div class=\"elementor-element elementor-element-3bc7e3a e-con-full e-flex e-con e-child\" data-id=\"3bc7e3a\" data-element_type=\"container\" data-e-type=\"container\" data-settings=\"{&quot;_ha_eqh_enable&quot;:false}\">\n\t\t\t\t<div class=\"elementor-element elementor-element-fe563ea elementor-widget elementor-widget-image\" data-id=\"fe563ea\" data-element_type=\"widget\" data-e-type=\"widget\" data-widget_type=\"image.default\">\n\t\t\t\t<div class=\"elementor-widget-container\">\n\t\t\t\t\t\t\t\t\t\t\t\t\t\t\t<img fetchpriority=\"high\" decoding=\"async\" width=\"724\" height=\"1024\" src=\"https:\/\/fecupral.sk\/wp-content\/uploads\/2024\/12\/plasty-2-1-724x1024.png\" class=\"attachment-large size-large wp-image-2900\" alt=\"\" srcset=\"https:\/\/fecupral.sk\/wp-content\/uploads\/2024\/12\/plasty-2-1-724x1024.png 724w, https:\/\/fecupral.sk\/wp-content\/uploads\/2024\/12\/plasty-2-1-212x300.png 212w, https:\/\/fecupral.sk\/wp-content\/uploads\/2024\/12\/plasty-2-1-768x1087.png 768w, https:\/\/fecupral.sk\/wp-content\/uploads\/2024\/12\/plasty-2-1.png 827w\" sizes=\"(max-width: 724px) 100vw, 724px\" \/>\t\t\t\t\t\t\t\t\t\t\t\t\t\t\t<\/div>\n\t\t\t\t<\/div>\n\t\t\t\t<div class=\"elementor-element elementor-element-ce1aac1 elementor-align-center elementor-mobile-align-center elementor-widget elementor-widget-button\" data-id=\"ce1aac1\" data-element_type=\"widget\" data-e-type=\"widget\" data-widget_type=\"button.default\">\n\t\t\t\t<div class=\"elementor-widget-container\">\n\t\t\t\t\t\t\t\t\t<div class=\"elementor-button-wrapper\">\n\t\t\t\t\t<a class=\"elementor-button elementor-button-link elementor-size-sm\" href=\"https:\/\/fecupral.sk\/wp-content\/uploads\/2024\/12\/kategorie-plastov_compressed-1.pdf\" target=\"_blank\">\n\t\t\t\t\t\t<span class=\"elementor-button-content-wrapper\">\n\t\t\t\t\t\t\t\t\t<span class=\"elementor-button-text\">SHOW PLASTIC CATEGORIES<\/span>\n\t\t\t\t\t<\/span>\n\t\t\t\t\t<\/a>\n\t\t\t\t<\/div>\n\t\t\t\t\t\t\t\t<\/div>\n\t\t\t\t<\/div>\n\t\t\t\t<\/div>\n\t\t\t\t\t<\/div>\n\t\t\t\t<\/div>\n\t\t\t\t<\/div>","protected":false},"excerpt":{"rendered":"<p>RECYKLUJEME Plasty Plasty s\u00fa polym\u00e9ry vyr\u00e1ban\u00e9 predov\u0161etk\u00fdm z ropy pri\u010dom mnoh\u00e9 z nich s\u00fa pr\u00edrode ve\u013emi \u0165a\u017eko rozlo\u017eite\u013en\u00e9. Vzh\u013eadom na ich \u0161irok\u00e9 spektrum a teda aj chemick\u00e9 zlo\u017eenie je pri ich recykl\u00e1cii nevyhnutn\u00e9 pou\u017ei\u0165 r\u00f4zne technol\u00f3gie a postupy.\u00a0Spr\u00e1vne vytrieden\u00e9 kateg\u00f3rie plastov m\u00f4\u017eu by\u0165 n\u00e1sledne efekt\u00edvne zrecyklovan\u00e9, \u010d\u00edm sa v\u00fdrazne zni\u017euje nie len spotreba energie, emisie, [&hellip;]<\/p>\n","protected":false},"author":2,"featured_media":0,"parent":1402,"menu_order":0,"comment_status":"closed","ping_status":"closed","template":"","meta":{"footnotes":""},"class_list":["post-2894","page","type-page","status-publish","hentry"],"yoast_head":"<!-- This site is optimized with the Yoast SEO plugin v27.4 - https:\/\/yoast.com\/product\/yoast-seo-wordpress\/ -->\n<title>Plasty | Fecupral<\/title>\n<meta name=\"description\" content=\"Popularita a \u0161irok\u00e9 spektrum plastov predstavuje v\u00fdzvu pre recykla\u010dn\u00fd priemysel. Ich recykl\u00e1cia v\u0161ak zni\u017euje spotrebu surov\u00edn, energie, zne\u010distenie ovzdu\u0161ia a v\u00f4d a samozrejme mno\u017estv\u00e1 plastov kon\u010diacich na skl\u00e1dkach.\" \/>\n<meta name=\"robots\" content=\"index, follow, max-snippet:-1, max-image-preview:large, max-video-preview:-1\" \/>\n<link rel=\"canonical\" href=\"https:\/\/fecupral.sk\/en\/our-services\/we-recycle\/plastics-2\/\" \/>\n<meta property=\"og:locale\" content=\"en_US\" \/>\n<meta property=\"og:type\" content=\"article\" \/>\n<meta property=\"og:title\" content=\"Plasty | Fecupral\" \/>\n<meta property=\"og:description\" content=\"Popularita a \u0161irok\u00e9 spektrum plastov predstavuje v\u00fdzvu pre recykla\u010dn\u00fd priemysel. Ich recykl\u00e1cia v\u0161ak zni\u017euje spotrebu surov\u00edn, energie, zne\u010distenie ovzdu\u0161ia a v\u00f4d a samozrejme mno\u017estv\u00e1 plastov kon\u010diacich na skl\u00e1dkach.\" \/>\n<meta property=\"og:url\" content=\"https:\/\/fecupral.sk\/en\/our-services\/we-recycle\/plastics-2\/\" \/>\n<meta property=\"og:site_name\" content=\"FECUPRAL, spol. s r.o.\" \/>\n<meta property=\"article:modified_time\" content=\"2025-02-19T19:36:47+00:00\" \/>\n<meta property=\"og:image\" content=\"https:\/\/fecupral.sk\/wp-content\/uploads\/2024\/12\/plasty-2-1-724x1024.png\" \/>\n<meta name=\"twitter:card\" content=\"summary_large_image\" \/>\n<meta name=\"twitter:label1\" content=\"Est. reading time\" \/>\n\t<meta name=\"twitter:data1\" content=\"1 minute\" \/>\n<script type=\"application\/ld+json\" class=\"yoast-schema-graph\">{\"@context\":\"https:\\\/\\\/schema.org\",\"@graph\":[{\"@type\":\"WebPage\",\"@id\":\"https:\\\/\\\/fecupral.sk\\\/nase-sluzby\\\/recyklujeme\\\/plasty-2\\\/\",\"url\":\"https:\\\/\\\/fecupral.sk\\\/nase-sluzby\\\/recyklujeme\\\/plasty-2\\\/\",\"name\":\"Plasty | Fecupral\",\"isPartOf\":{\"@id\":\"https:\\\/\\\/fecupral.sk\\\/#website\"},\"primaryImageOfPage\":{\"@id\":\"https:\\\/\\\/fecupral.sk\\\/nase-sluzby\\\/recyklujeme\\\/plasty-2\\\/#primaryimage\"},\"image\":{\"@id\":\"https:\\\/\\\/fecupral.sk\\\/nase-sluzby\\\/recyklujeme\\\/plasty-2\\\/#primaryimage\"},\"thumbnailUrl\":\"https:\\\/\\\/fecupral.sk\\\/wp-content\\\/uploads\\\/2024\\\/12\\\/plasty-2-1-724x1024.png\",\"datePublished\":\"2024-12-26T15:52:16+00:00\",\"dateModified\":\"2025-02-19T19:36:47+00:00\",\"description\":\"Popularita a \u0161irok\u00e9 spektrum plastov predstavuje v\u00fdzvu pre recykla\u010dn\u00fd priemysel. Ich recykl\u00e1cia v\u0161ak zni\u017euje spotrebu surov\u00edn, energie, zne\u010distenie ovzdu\u0161ia a v\u00f4d a samozrejme mno\u017estv\u00e1 plastov kon\u010diacich na skl\u00e1dkach.\",\"breadcrumb\":{\"@id\":\"https:\\\/\\\/fecupral.sk\\\/nase-sluzby\\\/recyklujeme\\\/plasty-2\\\/#breadcrumb\"},\"inLanguage\":\"en-US\",\"potentialAction\":[{\"@type\":\"ReadAction\",\"target\":[\"https:\\\/\\\/fecupral.sk\\\/nase-sluzby\\\/recyklujeme\\\/plasty-2\\\/\"]}]},{\"@type\":\"ImageObject\",\"inLanguage\":\"en-US\",\"@id\":\"https:\\\/\\\/fecupral.sk\\\/nase-sluzby\\\/recyklujeme\\\/plasty-2\\\/#primaryimage\",\"url\":\"https:\\\/\\\/fecupral.sk\\\/wp-content\\\/uploads\\\/2024\\\/12\\\/plasty-2-1-724x1024.png\",\"contentUrl\":\"https:\\\/\\\/fecupral.sk\\\/wp-content\\\/uploads\\\/2024\\\/12\\\/plasty-2-1-724x1024.png\"},{\"@type\":\"BreadcrumbList\",\"@id\":\"https:\\\/\\\/fecupral.sk\\\/nase-sluzby\\\/recyklujeme\\\/plasty-2\\\/#breadcrumb\",\"itemListElement\":[{\"@type\":\"ListItem\",\"position\":1,\"name\":\"Domovsk\u00e1 str\u00e1nka\",\"item\":\"https:\\\/\\\/fecupral.sk\\\/\"},{\"@type\":\"ListItem\",\"position\":2,\"name\":\"Na\u0161e slu\u017eby\",\"item\":\"https:\\\/\\\/fecupral.sk\\\/nase-sluzby\\\/\"},{\"@type\":\"ListItem\",\"position\":3,\"name\":\"Recyklujeme\",\"item\":\"https:\\\/\\\/fecupral.sk\\\/nase-sluzby\\\/recyklujeme\\\/\"},{\"@type\":\"ListItem\",\"position\":4,\"name\":\"Plasty\"}]},{\"@type\":\"WebSite\",\"@id\":\"https:\\\/\\\/fecupral.sk\\\/#website\",\"url\":\"https:\\\/\\\/fecupral.sk\\\/\",\"name\":\"FECUPRAL\",\"description\":\"Va\u0161e odpady, na\u0161e rie\u0161enie\",\"publisher\":{\"@id\":\"https:\\\/\\\/fecupral.sk\\\/#organization\"},\"potentialAction\":[{\"@type\":\"SearchAction\",\"target\":{\"@type\":\"EntryPoint\",\"urlTemplate\":\"https:\\\/\\\/fecupral.sk\\\/?s={search_term_string}\"},\"query-input\":{\"@type\":\"PropertyValueSpecification\",\"valueRequired\":true,\"valueName\":\"search_term_string\"}}],\"inLanguage\":\"en-US\"},{\"@type\":\"Organization\",\"@id\":\"https:\\\/\\\/fecupral.sk\\\/#organization\",\"name\":\"FECUPRAL\",\"url\":\"https:\\\/\\\/fecupral.sk\\\/\",\"logo\":{\"@type\":\"ImageObject\",\"inLanguage\":\"en-US\",\"@id\":\"https:\\\/\\\/fecupral.sk\\\/#\\\/schema\\\/logo\\\/image\\\/\",\"url\":\"https:\\\/\\\/fecupral.sk\\\/wp-content\\\/uploads\\\/2025\\\/02\\\/favicon-fecupral.png\",\"contentUrl\":\"https:\\\/\\\/fecupral.sk\\\/wp-content\\\/uploads\\\/2025\\\/02\\\/favicon-fecupral.png\",\"width\":500,\"height\":500,\"caption\":\"FECUPRAL\"},\"image\":{\"@id\":\"https:\\\/\\\/fecupral.sk\\\/#\\\/schema\\\/logo\\\/image\\\/\"}}]}<\/script>\n<!-- \/ Yoast SEO plugin. -->","yoast_head_json":{"title":"Plastics | Fecupral","description":"The popularity and wide range of plastics poses a challenge to the recycling industry. However, recycling them reduces the consumption of raw materials, energy, air and water pollution and, of course, the amount of plastic ending up in landfills.","robots":{"index":"index","follow":"follow","max-snippet":"max-snippet:-1","max-image-preview":"max-image-preview:large","max-video-preview":"max-video-preview:-1"},"canonical":"https:\/\/fecupral.sk\/en\/our-services\/we-recycle\/plastics-2\/","og_locale":"en_US","og_type":"article","og_title":"Plasty | Fecupral","og_description":"Popularita a \u0161irok\u00e9 spektrum plastov predstavuje v\u00fdzvu pre recykla\u010dn\u00fd priemysel. Ich recykl\u00e1cia v\u0161ak zni\u017euje spotrebu surov\u00edn, energie, zne\u010distenie ovzdu\u0161ia a v\u00f4d a samozrejme mno\u017estv\u00e1 plastov kon\u010diacich na skl\u00e1dkach.","og_url":"https:\/\/fecupral.sk\/en\/our-services\/we-recycle\/plastics-2\/","og_site_name":"FECUPRAL, spol. s r.o.","article_modified_time":"2025-02-19T19:36:47+00:00","og_image":[{"url":"https:\/\/fecupral.sk\/wp-content\/uploads\/2024\/12\/plasty-2-1-724x1024.png","type":"","width":"","height":""}],"twitter_card":"summary_large_image","twitter_misc":{"Est. reading time":"1 minute"},"schema":{"@context":"https:\/\/schema.org","@graph":[{"@type":"WebPage","@id":"https:\/\/fecupral.sk\/nase-sluzby\/recyklujeme\/plasty-2\/","url":"https:\/\/fecupral.sk\/nase-sluzby\/recyklujeme\/plasty-2\/","name":"Plastics | Fecupral","isPartOf":{"@id":"https:\/\/fecupral.sk\/#website"},"primaryImageOfPage":{"@id":"https:\/\/fecupral.sk\/nase-sluzby\/recyklujeme\/plasty-2\/#primaryimage"},"image":{"@id":"https:\/\/fecupral.sk\/nase-sluzby\/recyklujeme\/plasty-2\/#primaryimage"},"thumbnailUrl":"https:\/\/fecupral.sk\/wp-content\/uploads\/2024\/12\/plasty-2-1-724x1024.png","datePublished":"2024-12-26T15:52:16+00:00","dateModified":"2025-02-19T19:36:47+00:00","description":"The popularity and wide range of plastics poses a challenge to the recycling industry. However, recycling them reduces the consumption of raw materials, energy, air and water pollution and, of course, the amount of plastic ending up in landfills.","breadcrumb":{"@id":"https:\/\/fecupral.sk\/nase-sluzby\/recyklujeme\/plasty-2\/#breadcrumb"},"inLanguage":"en-US","potentialAction":[{"@type":"ReadAction","target":["https:\/\/fecupral.sk\/nase-sluzby\/recyklujeme\/plasty-2\/"]}]},{"@type":"ImageObject","inLanguage":"en-US","@id":"https:\/\/fecupral.sk\/nase-sluzby\/recyklujeme\/plasty-2\/#primaryimage","url":"https:\/\/fecupral.sk\/wp-content\/uploads\/2024\/12\/plasty-2-1-724x1024.png","contentUrl":"https:\/\/fecupral.sk\/wp-content\/uploads\/2024\/12\/plasty-2-1-724x1024.png"},{"@type":"BreadcrumbList","@id":"https:\/\/fecupral.sk\/nase-sluzby\/recyklujeme\/plasty-2\/#breadcrumb","itemListElement":[{"@type":"ListItem","position":1,"name":"Domovsk\u00e1 str\u00e1nka","item":"https:\/\/fecupral.sk\/"},{"@type":"ListItem","position":2,"name":"Na\u0161e slu\u017eby","item":"https:\/\/fecupral.sk\/nase-sluzby\/"},{"@type":"ListItem","position":3,"name":"Recyklujeme","item":"https:\/\/fecupral.sk\/nase-sluzby\/recyklujeme\/"},{"@type":"ListItem","position":4,"name":"Plasty"}]},{"@type":"WebSite","@id":"https:\/\/fecupral.sk\/#website","url":"https:\/\/fecupral.sk\/","name":"FECUPRAL","description":"Your waste, our solution","publisher":{"@id":"https:\/\/fecupral.sk\/#organization"},"potentialAction":[{"@type":"SearchAction","target":{"@type":"EntryPoint","urlTemplate":"https:\/\/fecupral.sk\/?s={search_term_string}"},"query-input":{"@type":"PropertyValueSpecification","valueRequired":true,"valueName":"search_term_string"}}],"inLanguage":"en-US"},{"@type":"Organization","@id":"https:\/\/fecupral.sk\/#organization","name":"FECUPRAL","url":"https:\/\/fecupral.sk\/","logo":{"@type":"ImageObject","inLanguage":"en-US","@id":"https:\/\/fecupral.sk\/#\/schema\/logo\/image\/","url":"https:\/\/fecupral.sk\/wp-content\/uploads\/2025\/02\/favicon-fecupral.png","contentUrl":"https:\/\/fecupral.sk\/wp-content\/uploads\/2025\/02\/favicon-fecupral.png","width":500,"height":500,"caption":"FECUPRAL"},"image":{"@id":"https:\/\/fecupral.sk\/#\/schema\/logo\/image\/"}}]}},"_links":{"self":[{"href":"https:\/\/fecupral.sk\/en\/wp-json\/wp\/v2\/pages\/2894","targetHints":{"allow":["GET"]}}],"collection":[{"href":"https:\/\/fecupral.sk\/en\/wp-json\/wp\/v2\/pages"}],"about":[{"href":"https:\/\/fecupral.sk\/en\/wp-json\/wp\/v2\/types\/page"}],"author":[{"embeddable":true,"href":"https:\/\/fecupral.sk\/en\/wp-json\/wp\/v2\/users\/2"}],"replies":[{"embeddable":true,"href":"https:\/\/fecupral.sk\/en\/wp-json\/wp\/v2\/comments?post=2894"}],"version-history":[{"count":13,"href":"https:\/\/fecupral.sk\/en\/wp-json\/wp\/v2\/pages\/2894\/revisions"}],"predecessor-version":[{"id":3208,"href":"https:\/\/fecupral.sk\/en\/wp-json\/wp\/v2\/pages\/2894\/revisions\/3208"}],"up":[{"embeddable":true,"href":"https:\/\/fecupral.sk\/en\/wp-json\/wp\/v2\/pages\/1402"}],"wp:attachment":[{"href":"https:\/\/fecupral.sk\/en\/wp-json\/wp\/v2\/media?parent=2894"}],"curies":[{"name":"wp","href":"https:\/\/api.w.org\/{rel}","templated":true}]}}