{"id":2913,"date":"2024-12-26T17:44:47","date_gmt":"2024-12-26T16:44:47","guid":{"rendered":"https:\/\/new.fecupral.sk\/?page_id=2913"},"modified":"2025-02-19T20:37:47","modified_gmt":"2025-02-19T19:37:47","slug":"glass-2","status":"publish","type":"page","link":"https:\/\/fecupral.sk\/en\/nase-sluzby\/recyklujeme\/sklo-2\/","title":{"rendered":"Glass"},"content":{"rendered":"<div data-elementor-type=\"wp-page\" data-elementor-id=\"2913\" class=\"elementor elementor-2913\" data-elementor-settings=\"{&quot;ha_cmc_init_switcher&quot;:&quot;no&quot;}\" data-elementor-post-type=\"page\">\n\t\t\t\t<div class=\"elementor-element elementor-element-6d260a4 e-flex e-con-boxed e-con e-parent\" data-id=\"6d260a4\" data-element_type=\"container\" data-e-type=\"container\" data-settings=\"{&quot;background_background&quot;:&quot;classic&quot;,&quot;_ha_eqh_enable&quot;:false}\">\n\t\t\t\t\t<div class=\"e-con-inner\">\n\t\t\t\t<div class=\"elementor-element elementor-element-016489a elementor-invisible elementor-widget elementor-widget-heading\" data-id=\"016489a\" data-element_type=\"widget\" data-e-type=\"widget\" data-settings=\"{&quot;_animation&quot;:&quot;fadeInDown&quot;}\" data-widget_type=\"heading.default\">\n\t\t\t\t<div class=\"elementor-widget-container\">\n\t\t\t\t\t<h2 class=\"elementor-heading-title elementor-size-default\">WE RECYCLE<\/h2>\t\t\t\t<\/div>\n\t\t\t\t<\/div>\n\t\t\t\t<div class=\"elementor-element elementor-element-747b11e elementor-invisible elementor-widget elementor-widget-heading\" data-id=\"747b11e\" data-element_type=\"widget\" data-e-type=\"widget\" data-settings=\"{&quot;_animation&quot;:&quot;fadeInUp&quot;}\" data-widget_type=\"heading.default\">\n\t\t\t\t<div class=\"elementor-widget-container\">\n\t\t\t\t\t<h2 class=\"elementor-heading-title elementor-size-default\">Glass<\/h2>\t\t\t\t<\/div>\n\t\t\t\t<\/div>\n\t\t\t\t\t<\/div>\n\t\t\t\t<\/div>\n\t\t<div class=\"elementor-element elementor-element-da66313 e-flex e-con-boxed e-con e-parent\" data-id=\"da66313\" data-element_type=\"container\" data-e-type=\"container\" data-settings=\"{&quot;_ha_eqh_enable&quot;:false}\">\n\t\t\t\t\t<div class=\"e-con-inner\">\n\t\t<div class=\"elementor-element elementor-element-0260324 e-con-full e-flex e-con e-child\" data-id=\"0260324\" data-element_type=\"container\" data-e-type=\"container\" data-settings=\"{&quot;_ha_eqh_enable&quot;:false}\">\n\t\t\t\t<div class=\"elementor-element elementor-element-dd3e177 elementor-widget elementor-widget-text-editor\" data-id=\"dd3e177\" data-element_type=\"widget\" data-e-type=\"widget\" data-widget_type=\"text-editor.default\">\n\t\t\t\t<div class=\"elementor-widget-container\">\n\t\t\t\t\t\t\t\t\t<p>Recycling glass can significantly reduce emissions and the consumption of primary raw materials. Glass in the form of bottles and food containers is 100%-non-recyclable.\u00a0<span style=\"color: var( --e-global-color-text );\">In order for manufacturers of new glass products to be able to achieve the quality standards set for new glass products, it is very important that the glass is correctly colour graded.\u00a0<\/span><\/p><p>Certain types of glass such as crystal, Pyrex, some window panes, car glass, etc. cannot be remanufactured into glass food packaging due to various admixtures. However, such types of glass can be used for the production of tiles, concrete tiles, filtration, etc.<\/p>\t\t\t\t\t\t\t\t<\/div>\n\t\t\t\t<\/div>\n\t\t\t\t<\/div>\n\t\t\t\t\t<\/div>\n\t\t\t\t<\/div>\n\t\t<div class=\"elementor-element elementor-element-5abb3b7 e-flex e-con-boxed e-con e-parent\" data-id=\"5abb3b7\" data-element_type=\"container\" data-e-type=\"container\" data-settings=\"{&quot;background_background&quot;:&quot;classic&quot;,&quot;_ha_eqh_enable&quot;:false}\">\n\t\t\t\t\t<div class=\"e-con-inner\">\n\t\t<div class=\"elementor-element elementor-element-c95e32b e-con-full e-flex e-con e-child\" data-id=\"c95e32b\" data-element_type=\"container\" data-e-type=\"container\" data-settings=\"{&quot;_ha_eqh_enable&quot;:false}\">\n\t\t\t\t<div class=\"elementor-element elementor-element-cc80fd6 elementor-widget elementor-widget-text-editor\" data-id=\"cc80fd6\" data-element_type=\"widget\" data-e-type=\"widget\" data-widget_type=\"text-editor.default\">\n\t\t\t\t<div class=\"elementor-widget-container\">\n\t\t\t\t\t\t\t\t\t<p>\"By using <span style=\"color: #b1ca29;\">1 tonne of recycled glass <\/span>in production <br \/>more than <span style=\"color: #b1ca29;\">1 tonne of primary raw materials is saved.<\/span>\"<\/p>\t\t\t\t\t\t\t\t<\/div>\n\t\t\t\t<\/div>\n\t\t\t\t<\/div>\n\t\t\t\t\t<\/div>\n\t\t\t\t<\/div>\n\t\t<div class=\"elementor-element elementor-element-0214548 e-flex e-con-boxed e-con e-parent\" data-id=\"0214548\" data-element_type=\"container\" data-e-type=\"container\" data-settings=\"{&quot;_ha_eqh_enable&quot;:false}\">\n\t\t\t\t\t<div class=\"e-con-inner\">\n\t\t<div class=\"elementor-element elementor-element-3bc7e3a e-con-full e-flex e-con e-child\" data-id=\"3bc7e3a\" data-element_type=\"container\" data-e-type=\"container\" data-settings=\"{&quot;_ha_eqh_enable&quot;:false}\">\n\t\t\t\t<div class=\"elementor-element elementor-element-fe563ea elementor-widget elementor-widget-image\" data-id=\"fe563ea\" data-element_type=\"widget\" data-e-type=\"widget\" data-widget_type=\"image.default\">\n\t\t\t\t<div class=\"elementor-widget-container\">\n\t\t\t\t\t\t\t\t\t\t\t\t\t\t\t<img fetchpriority=\"high\" decoding=\"async\" width=\"781\" height=\"1024\" src=\"https:\/\/fecupral.sk\/wp-content\/uploads\/2024\/12\/sklo-2-1-781x1024.png\" class=\"attachment-large size-large wp-image-2915\" alt=\"\" srcset=\"https:\/\/fecupral.sk\/wp-content\/uploads\/2024\/12\/sklo-2-1-781x1024.png 781w, https:\/\/fecupral.sk\/wp-content\/uploads\/2024\/12\/sklo-2-1-229x300.png 229w, https:\/\/fecupral.sk\/wp-content\/uploads\/2024\/12\/sklo-2-1-768x1008.png 768w, https:\/\/fecupral.sk\/wp-content\/uploads\/2024\/12\/sklo-2-1.png 936w\" sizes=\"(max-width: 781px) 100vw, 781px\" \/>\t\t\t\t\t\t\t\t\t\t\t\t\t\t\t<\/div>\n\t\t\t\t<\/div>\n\t\t<div class=\"elementor-element elementor-element-10c6450 e-con-full e-flex e-con e-child\" data-id=\"10c6450\" data-element_type=\"container\" data-e-type=\"container\" data-settings=\"{&quot;_ha_eqh_enable&quot;:false}\">\n\t\t\t\t<div class=\"elementor-element elementor-element-0154cd8 elementor-widget elementor-widget-text-editor\" data-id=\"0154cd8\" data-element_type=\"widget\" data-e-type=\"widget\" data-widget_type=\"text-editor.default\">\n\t\t\t\t<div class=\"elementor-widget-container\">\n\t\t\t\t\t\t\t\t\t<p>We do not buy porcelain, ceramics, automotive glass, technical types of glass, etc.\u00a0<\/p><p>If you are interested in their disposal, please contact us.<\/p>\t\t\t\t\t\t\t\t<\/div>\n\t\t\t\t<\/div>\n\t\t\t\t<\/div>\n\t\t\t\t<div class=\"elementor-element elementor-element-ce1aac1 elementor-align-center elementor-mobile-align-center elementor-widget elementor-widget-button\" data-id=\"ce1aac1\" data-element_type=\"widget\" data-e-type=\"widget\" data-widget_type=\"button.default\">\n\t\t\t\t<div class=\"elementor-widget-container\">\n\t\t\t\t\t\t\t\t\t<div class=\"elementor-button-wrapper\">\n\t\t\t\t\t<a class=\"elementor-button elementor-button-link elementor-size-sm\" href=\"https:\/\/fecupral.sk\/en\/kontakt\/\" target=\"_blank\">\n\t\t\t\t\t\t<span class=\"elementor-button-content-wrapper\">\n\t\t\t\t\t\t\t\t\t<span class=\"elementor-button-text\">CONTACT US<\/span>\n\t\t\t\t\t<\/span>\n\t\t\t\t\t<\/a>\n\t\t\t\t<\/div>\n\t\t\t\t\t\t\t\t<\/div>\n\t\t\t\t<\/div>\n\t\t\t\t<\/div>\n\t\t\t\t\t<\/div>\n\t\t\t\t<\/div>\n\t\t\t\t<\/div>","protected":false},"excerpt":{"rendered":"<p>RECYKLUJEME Sklo Recyklovan\u00edm skla je mo\u017en\u00e9 v\u00fdrazne zni\u017eova\u0165 emisie a spotrebu prim\u00e1rnych surov\u00edn. Sklo v podobe flia\u0161 a n\u00e1dob na potraviny je 100%-ne recyklovate\u013en\u00e9.\u00a0Aby v\u00fdrobcovia nov\u00fdch sklenen\u00fdch v\u00fdrobkov boli schopn\u00ed dosiahnu\u0165 kvalitat\u00edvne \u0161tandardy kladen\u00e9 na nov\u00e9 sklenen\u00e9 v\u00fdrobky, je ve\u013emi d\u00f4le\u017eit\u00e9 sklo spr\u00e1vne farebne vytriedi\u0165.\u00a0 Z niektor\u00fdch druhov skla ako napr\u00edklad kry\u0161t\u00e1l, Pyrex, niektor\u00e9 okenn\u00e9 [&hellip;]<\/p>\n","protected":false},"author":2,"featured_media":0,"parent":1402,"menu_order":0,"comment_status":"closed","ping_status":"closed","template":"","meta":{"footnotes":""},"class_list":["post-2913","page","type-page","status-publish","hentry"],"yoast_head":"<!-- This site is optimized with the Yoast SEO plugin v27.4 - https:\/\/yoast.com\/product\/yoast-seo-wordpress\/ -->\n<title>Sklo | Fecupral<\/title>\n<meta name=\"description\" content=\"Sklenen\u00e9 f\u013ea\u0161e a poh\u00e1re s\u00fa 100-percentne recyklovate\u013en\u00e9 a je ich mo\u017en\u00e9 recyklova\u0165 \u201edo nekone\u010dna\u201c bez straty ich kvality alebo \u010d\u00edrosti.\" \/>\n<meta name=\"robots\" content=\"index, follow, max-snippet:-1, max-image-preview:large, max-video-preview:-1\" \/>\n<link rel=\"canonical\" href=\"https:\/\/fecupral.sk\/en\/our-services\/we-recycle\/glass-2\/\" \/>\n<meta property=\"og:locale\" content=\"en_US\" \/>\n<meta property=\"og:type\" content=\"article\" \/>\n<meta property=\"og:title\" content=\"Sklo | Fecupral\" \/>\n<meta property=\"og:description\" content=\"Sklenen\u00e9 f\u013ea\u0161e a poh\u00e1re s\u00fa 100-percentne recyklovate\u013en\u00e9 a je ich mo\u017en\u00e9 recyklova\u0165 \u201edo nekone\u010dna\u201c bez straty ich kvality alebo \u010d\u00edrosti.\" \/>\n<meta property=\"og:url\" content=\"https:\/\/fecupral.sk\/en\/our-services\/we-recycle\/glass-2\/\" \/>\n<meta property=\"og:site_name\" content=\"FECUPRAL, spol. s r.o.\" \/>\n<meta property=\"article:modified_time\" content=\"2025-02-19T19:37:47+00:00\" \/>\n<meta property=\"og:image\" content=\"https:\/\/fecupral.sk\/wp-content\/uploads\/2024\/12\/sklo-2-1-781x1024.png\" \/>\n<meta name=\"twitter:card\" content=\"summary_large_image\" \/>\n<meta name=\"twitter:label1\" content=\"Est. reading time\" \/>\n\t<meta name=\"twitter:data1\" content=\"1 minute\" \/>\n<script type=\"application\/ld+json\" class=\"yoast-schema-graph\">{\"@context\":\"https:\\\/\\\/schema.org\",\"@graph\":[{\"@type\":\"WebPage\",\"@id\":\"https:\\\/\\\/fecupral.sk\\\/nase-sluzby\\\/recyklujeme\\\/sklo-2\\\/\",\"url\":\"https:\\\/\\\/fecupral.sk\\\/nase-sluzby\\\/recyklujeme\\\/sklo-2\\\/\",\"name\":\"Sklo | Fecupral\",\"isPartOf\":{\"@id\":\"https:\\\/\\\/fecupral.sk\\\/#website\"},\"primaryImageOfPage\":{\"@id\":\"https:\\\/\\\/fecupral.sk\\\/nase-sluzby\\\/recyklujeme\\\/sklo-2\\\/#primaryimage\"},\"image\":{\"@id\":\"https:\\\/\\\/fecupral.sk\\\/nase-sluzby\\\/recyklujeme\\\/sklo-2\\\/#primaryimage\"},\"thumbnailUrl\":\"https:\\\/\\\/fecupral.sk\\\/wp-content\\\/uploads\\\/2024\\\/12\\\/sklo-2-1-781x1024.png\",\"datePublished\":\"2024-12-26T16:44:47+00:00\",\"dateModified\":\"2025-02-19T19:37:47+00:00\",\"description\":\"Sklenen\u00e9 f\u013ea\u0161e a poh\u00e1re s\u00fa 100-percentne recyklovate\u013en\u00e9 a je ich mo\u017en\u00e9 recyklova\u0165 \u201edo nekone\u010dna\u201c bez straty ich kvality alebo \u010d\u00edrosti.\",\"breadcrumb\":{\"@id\":\"https:\\\/\\\/fecupral.sk\\\/nase-sluzby\\\/recyklujeme\\\/sklo-2\\\/#breadcrumb\"},\"inLanguage\":\"en-US\",\"potentialAction\":[{\"@type\":\"ReadAction\",\"target\":[\"https:\\\/\\\/fecupral.sk\\\/nase-sluzby\\\/recyklujeme\\\/sklo-2\\\/\"]}]},{\"@type\":\"ImageObject\",\"inLanguage\":\"en-US\",\"@id\":\"https:\\\/\\\/fecupral.sk\\\/nase-sluzby\\\/recyklujeme\\\/sklo-2\\\/#primaryimage\",\"url\":\"https:\\\/\\\/fecupral.sk\\\/wp-content\\\/uploads\\\/2024\\\/12\\\/sklo-2-1-781x1024.png\",\"contentUrl\":\"https:\\\/\\\/fecupral.sk\\\/wp-content\\\/uploads\\\/2024\\\/12\\\/sklo-2-1-781x1024.png\"},{\"@type\":\"BreadcrumbList\",\"@id\":\"https:\\\/\\\/fecupral.sk\\\/nase-sluzby\\\/recyklujeme\\\/sklo-2\\\/#breadcrumb\",\"itemListElement\":[{\"@type\":\"ListItem\",\"position\":1,\"name\":\"Domovsk\u00e1 str\u00e1nka\",\"item\":\"https:\\\/\\\/fecupral.sk\\\/\"},{\"@type\":\"ListItem\",\"position\":2,\"name\":\"Na\u0161e slu\u017eby\",\"item\":\"https:\\\/\\\/fecupral.sk\\\/nase-sluzby\\\/\"},{\"@type\":\"ListItem\",\"position\":3,\"name\":\"Recyklujeme\",\"item\":\"https:\\\/\\\/fecupral.sk\\\/nase-sluzby\\\/recyklujeme\\\/\"},{\"@type\":\"ListItem\",\"position\":4,\"name\":\"Sklo\"}]},{\"@type\":\"WebSite\",\"@id\":\"https:\\\/\\\/fecupral.sk\\\/#website\",\"url\":\"https:\\\/\\\/fecupral.sk\\\/\",\"name\":\"FECUPRAL\",\"description\":\"Va\u0161e odpady, na\u0161e rie\u0161enie\",\"publisher\":{\"@id\":\"https:\\\/\\\/fecupral.sk\\\/#organization\"},\"potentialAction\":[{\"@type\":\"SearchAction\",\"target\":{\"@type\":\"EntryPoint\",\"urlTemplate\":\"https:\\\/\\\/fecupral.sk\\\/?s={search_term_string}\"},\"query-input\":{\"@type\":\"PropertyValueSpecification\",\"valueRequired\":true,\"valueName\":\"search_term_string\"}}],\"inLanguage\":\"en-US\"},{\"@type\":\"Organization\",\"@id\":\"https:\\\/\\\/fecupral.sk\\\/#organization\",\"name\":\"FECUPRAL\",\"url\":\"https:\\\/\\\/fecupral.sk\\\/\",\"logo\":{\"@type\":\"ImageObject\",\"inLanguage\":\"en-US\",\"@id\":\"https:\\\/\\\/fecupral.sk\\\/#\\\/schema\\\/logo\\\/image\\\/\",\"url\":\"https:\\\/\\\/fecupral.sk\\\/wp-content\\\/uploads\\\/2025\\\/02\\\/favicon-fecupral.png\",\"contentUrl\":\"https:\\\/\\\/fecupral.sk\\\/wp-content\\\/uploads\\\/2025\\\/02\\\/favicon-fecupral.png\",\"width\":500,\"height\":500,\"caption\":\"FECUPRAL\"},\"image\":{\"@id\":\"https:\\\/\\\/fecupral.sk\\\/#\\\/schema\\\/logo\\\/image\\\/\"}}]}<\/script>\n<!-- \/ Yoast SEO plugin. -->","yoast_head_json":{"title":"Glass | Fecupral","description":"Glass bottles and jars are 100% recyclable and can be recycled \"endlessly\" without losing their quality or clarity.","robots":{"index":"index","follow":"follow","max-snippet":"max-snippet:-1","max-image-preview":"max-image-preview:large","max-video-preview":"max-video-preview:-1"},"canonical":"https:\/\/fecupral.sk\/en\/our-services\/we-recycle\/glass-2\/","og_locale":"en_US","og_type":"article","og_title":"Sklo | Fecupral","og_description":"Sklenen\u00e9 f\u013ea\u0161e a poh\u00e1re s\u00fa 100-percentne recyklovate\u013en\u00e9 a je ich mo\u017en\u00e9 recyklova\u0165 \u201edo nekone\u010dna\u201c bez straty ich kvality alebo \u010d\u00edrosti.","og_url":"https:\/\/fecupral.sk\/en\/our-services\/we-recycle\/glass-2\/","og_site_name":"FECUPRAL, spol. s r.o.","article_modified_time":"2025-02-19T19:37:47+00:00","og_image":[{"url":"https:\/\/fecupral.sk\/wp-content\/uploads\/2024\/12\/sklo-2-1-781x1024.png","type":"","width":"","height":""}],"twitter_card":"summary_large_image","twitter_misc":{"Est. reading time":"1 minute"},"schema":{"@context":"https:\/\/schema.org","@graph":[{"@type":"WebPage","@id":"https:\/\/fecupral.sk\/nase-sluzby\/recyklujeme\/sklo-2\/","url":"https:\/\/fecupral.sk\/nase-sluzby\/recyklujeme\/sklo-2\/","name":"Glass | Fecupral","isPartOf":{"@id":"https:\/\/fecupral.sk\/#website"},"primaryImageOfPage":{"@id":"https:\/\/fecupral.sk\/nase-sluzby\/recyklujeme\/sklo-2\/#primaryimage"},"image":{"@id":"https:\/\/fecupral.sk\/nase-sluzby\/recyklujeme\/sklo-2\/#primaryimage"},"thumbnailUrl":"https:\/\/fecupral.sk\/wp-content\/uploads\/2024\/12\/sklo-2-1-781x1024.png","datePublished":"2024-12-26T16:44:47+00:00","dateModified":"2025-02-19T19:37:47+00:00","description":"Glass bottles and jars are 100% recyclable and can be recycled \"endlessly\" without losing their quality or clarity.","breadcrumb":{"@id":"https:\/\/fecupral.sk\/nase-sluzby\/recyklujeme\/sklo-2\/#breadcrumb"},"inLanguage":"en-US","potentialAction":[{"@type":"ReadAction","target":["https:\/\/fecupral.sk\/nase-sluzby\/recyklujeme\/sklo-2\/"]}]},{"@type":"ImageObject","inLanguage":"en-US","@id":"https:\/\/fecupral.sk\/nase-sluzby\/recyklujeme\/sklo-2\/#primaryimage","url":"https:\/\/fecupral.sk\/wp-content\/uploads\/2024\/12\/sklo-2-1-781x1024.png","contentUrl":"https:\/\/fecupral.sk\/wp-content\/uploads\/2024\/12\/sklo-2-1-781x1024.png"},{"@type":"BreadcrumbList","@id":"https:\/\/fecupral.sk\/nase-sluzby\/recyklujeme\/sklo-2\/#breadcrumb","itemListElement":[{"@type":"ListItem","position":1,"name":"Domovsk\u00e1 str\u00e1nka","item":"https:\/\/fecupral.sk\/"},{"@type":"ListItem","position":2,"name":"Na\u0161e slu\u017eby","item":"https:\/\/fecupral.sk\/nase-sluzby\/"},{"@type":"ListItem","position":3,"name":"Recyklujeme","item":"https:\/\/fecupral.sk\/nase-sluzby\/recyklujeme\/"},{"@type":"ListItem","position":4,"name":"Sklo"}]},{"@type":"WebSite","@id":"https:\/\/fecupral.sk\/#website","url":"https:\/\/fecupral.sk\/","name":"FECUPRAL","description":"Your waste, our solution","publisher":{"@id":"https:\/\/fecupral.sk\/#organization"},"potentialAction":[{"@type":"SearchAction","target":{"@type":"EntryPoint","urlTemplate":"https:\/\/fecupral.sk\/?s={search_term_string}"},"query-input":{"@type":"PropertyValueSpecification","valueRequired":true,"valueName":"search_term_string"}}],"inLanguage":"en-US"},{"@type":"Organization","@id":"https:\/\/fecupral.sk\/#organization","name":"FECUPRAL","url":"https:\/\/fecupral.sk\/","logo":{"@type":"ImageObject","inLanguage":"en-US","@id":"https:\/\/fecupral.sk\/#\/schema\/logo\/image\/","url":"https:\/\/fecupral.sk\/wp-content\/uploads\/2025\/02\/favicon-fecupral.png","contentUrl":"https:\/\/fecupral.sk\/wp-content\/uploads\/2025\/02\/favicon-fecupral.png","width":500,"height":500,"caption":"FECUPRAL"},"image":{"@id":"https:\/\/fecupral.sk\/#\/schema\/logo\/image\/"}}]}},"_links":{"self":[{"href":"https:\/\/fecupral.sk\/en\/wp-json\/wp\/v2\/pages\/2913","targetHints":{"allow":["GET"]}}],"collection":[{"href":"https:\/\/fecupral.sk\/en\/wp-json\/wp\/v2\/pages"}],"about":[{"href":"https:\/\/fecupral.sk\/en\/wp-json\/wp\/v2\/types\/page"}],"author":[{"embeddable":true,"href":"https:\/\/fecupral.sk\/en\/wp-json\/wp\/v2\/users\/2"}],"replies":[{"embeddable":true,"href":"https:\/\/fecupral.sk\/en\/wp-json\/wp\/v2\/comments?post=2913"}],"version-history":[{"count":49,"href":"https:\/\/fecupral.sk\/en\/wp-json\/wp\/v2\/pages\/2913\/revisions"}],"predecessor-version":[{"id":3217,"href":"https:\/\/fecupral.sk\/en\/wp-json\/wp\/v2\/pages\/2913\/revisions\/3217"}],"up":[{"embeddable":true,"href":"https:\/\/fecupral.sk\/en\/wp-json\/wp\/v2\/pages\/1402"}],"wp:attachment":[{"href":"https:\/\/fecupral.sk\/en\/wp-json\/wp\/v2\/media?parent=2913"}],"curies":[{"name":"wp","href":"https:\/\/api.w.org\/{rel}","templated":true}]}}