{"id":2946,"date":"2024-12-26T17:59:08","date_gmt":"2024-12-26T16:59:08","guid":{"rendered":"https:\/\/new.fecupral.sk\/?page_id=2946"},"modified":"2025-02-19T20:32:56","modified_gmt":"2025-02-19T19:32:56","slug":"electro","status":"publish","type":"page","link":"https:\/\/fecupral.sk\/en\/nase-sluzby\/recyklujeme\/elektro\/","title":{"rendered":"Electro"},"content":{"rendered":"<div data-elementor-type=\"wp-page\" data-elementor-id=\"2946\" class=\"elementor elementor-2946\" data-elementor-settings=\"{&quot;ha_cmc_init_switcher&quot;:&quot;no&quot;}\" data-elementor-post-type=\"page\">\n\t\t\t\t<div class=\"elementor-element elementor-element-6d260a4 e-flex e-con-boxed e-con e-parent\" data-id=\"6d260a4\" data-element_type=\"container\" data-e-type=\"container\" data-settings=\"{&quot;background_background&quot;:&quot;classic&quot;,&quot;_ha_eqh_enable&quot;:false}\">\n\t\t\t\t\t<div class=\"e-con-inner\">\n\t\t\t\t<div class=\"elementor-element elementor-element-016489a elementor-invisible elementor-widget elementor-widget-heading\" data-id=\"016489a\" data-element_type=\"widget\" data-e-type=\"widget\" data-settings=\"{&quot;_animation&quot;:&quot;fadeInDown&quot;}\" data-widget_type=\"heading.default\">\n\t\t\t\t<div class=\"elementor-widget-container\">\n\t\t\t\t\t<h2 class=\"elementor-heading-title elementor-size-default\">WE RECYCLE<\/h2>\t\t\t\t<\/div>\n\t\t\t\t<\/div>\n\t\t\t\t<div class=\"elementor-element elementor-element-747b11e elementor-invisible elementor-widget elementor-widget-heading\" data-id=\"747b11e\" data-element_type=\"widget\" data-e-type=\"widget\" data-settings=\"{&quot;_animation&quot;:&quot;fadeInUp&quot;}\" data-widget_type=\"heading.default\">\n\t\t\t\t<div class=\"elementor-widget-container\">\n\t\t\t\t\t<h2 class=\"elementor-heading-title elementor-size-default\">Electro<\/h2>\t\t\t\t<\/div>\n\t\t\t\t<\/div>\n\t\t\t\t\t<\/div>\n\t\t\t\t<\/div>\n\t\t<div class=\"elementor-element elementor-element-da66313 e-flex e-con-boxed e-con e-parent\" data-id=\"da66313\" data-element_type=\"container\" data-e-type=\"container\" data-settings=\"{&quot;_ha_eqh_enable&quot;:false}\">\n\t\t\t\t\t<div class=\"e-con-inner\">\n\t\t<div class=\"elementor-element elementor-element-0260324 e-con-full e-flex e-con e-child\" data-id=\"0260324\" data-element_type=\"container\" data-e-type=\"container\" data-settings=\"{&quot;_ha_eqh_enable&quot;:false}\">\n\t\t\t\t<div class=\"elementor-element elementor-element-dd3e177 elementor-widget elementor-widget-text-editor\" data-id=\"dd3e177\" data-element_type=\"widget\" data-e-type=\"widget\" data-widget_type=\"text-editor.default\">\n\t\t\t\t<div class=\"elementor-widget-container\">\n\t\t\t\t\t\t\t\t\t<p>The rapid rate of replacement of consumer electronics by users is causing a significant increase in the volume of e-waste. In addition to hazardous parts, many of these discarded electrical appliances contain elements that are, on the contrary, very interesting from a recycling point of view. In particular, these are noble metals, which can be efficiently processed and recovered in larger volumes of waste.<\/p><p>The first step in recycling this waste is to remove hazardous parts or materials that could contaminate the recycling process. This is followed by disassembly and sorting of the parts and materials so that the equipment can be recovered as much as possible. The metals to be recovered are melted, refined and their composition adjusted to the end customer's requirements.<\/p>\t\t\t\t\t\t\t\t<\/div>\n\t\t\t\t<\/div>\n\t\t\t\t<\/div>\n\t\t\t\t\t<\/div>\n\t\t\t\t<\/div>\n\t\t<div class=\"elementor-element elementor-element-5abb3b7 e-flex e-con-boxed e-con e-parent\" data-id=\"5abb3b7\" data-element_type=\"container\" data-e-type=\"container\" data-settings=\"{&quot;background_background&quot;:&quot;classic&quot;,&quot;_ha_eqh_enable&quot;:false}\">\n\t\t\t\t\t<div class=\"e-con-inner\">\n\t\t<div class=\"elementor-element elementor-element-c95e32b e-con-full e-flex e-con e-child\" data-id=\"c95e32b\" data-element_type=\"container\" data-e-type=\"container\" data-settings=\"{&quot;_ha_eqh_enable&quot;:false}\">\n\t\t\t\t<div class=\"elementor-element elementor-element-cc80fd6 elementor-widget elementor-widget-text-editor\" data-id=\"cc80fd6\" data-element_type=\"widget\" data-e-type=\"widget\" data-widget_type=\"text-editor.default\">\n\t\t\t\t<div class=\"elementor-widget-container\">\n\t\t\t\t\t\t\t\t\t<p>\"<span style=\"color: #b1ca29;\">Every year <\/span>is produced <span style=\"color: #b1ca29;\">50 million tons <\/span>of e-waste.<\/p>\t\t\t\t\t\t\t\t<\/div>\n\t\t\t\t<\/div>\n\t\t\t\t<\/div>\n\t\t\t\t\t<\/div>\n\t\t\t\t<\/div>\n\t\t<div class=\"elementor-element elementor-element-0214548 e-flex e-con-boxed e-con e-parent\" data-id=\"0214548\" data-element_type=\"container\" data-e-type=\"container\" data-settings=\"{&quot;_ha_eqh_enable&quot;:false}\">\n\t\t\t\t\t<div class=\"e-con-inner\">\n\t\t<div class=\"elementor-element elementor-element-3bc7e3a e-con-full e-flex e-con e-child\" data-id=\"3bc7e3a\" data-element_type=\"container\" data-e-type=\"container\" data-settings=\"{&quot;_ha_eqh_enable&quot;:false}\">\n\t\t\t\t<div class=\"elementor-element elementor-element-fe563ea elementor-widget elementor-widget-image\" data-id=\"fe563ea\" data-element_type=\"widget\" data-e-type=\"widget\" data-widget_type=\"image.default\">\n\t\t\t\t<div class=\"elementor-widget-container\">\n\t\t\t\t\t\t\t\t\t\t\t\t\t\t\t<img fetchpriority=\"high\" decoding=\"async\" width=\"782\" height=\"1024\" src=\"https:\/\/fecupral.sk\/wp-content\/uploads\/2025\/01\/elektro-2-1-1-782x1024.png\" class=\"attachment-large size-large wp-image-3151\" alt=\"\" srcset=\"https:\/\/fecupral.sk\/wp-content\/uploads\/2025\/01\/elektro-2-1-1-782x1024.png 782w, https:\/\/fecupral.sk\/wp-content\/uploads\/2025\/01\/elektro-2-1-1-229x300.png 229w, https:\/\/fecupral.sk\/wp-content\/uploads\/2025\/01\/elektro-2-1-1-768x1005.png 768w, https:\/\/fecupral.sk\/wp-content\/uploads\/2025\/01\/elektro-2-1-1.png 932w\" sizes=\"(max-width: 782px) 100vw, 782px\" \/>\t\t\t\t\t\t\t\t\t\t\t\t\t\t\t<\/div>\n\t\t\t\t<\/div>\n\t\t\t\t<div class=\"elementor-element elementor-element-ce1aac1 elementor-align-center elementor-mobile-align-center elementor-widget elementor-widget-button\" data-id=\"ce1aac1\" data-element_type=\"widget\" data-e-type=\"widget\" data-widget_type=\"button.default\">\n\t\t\t\t<div class=\"elementor-widget-container\">\n\t\t\t\t\t\t\t\t\t<div class=\"elementor-button-wrapper\">\n\t\t\t\t\t<a class=\"elementor-button elementor-button-link elementor-size-sm\" href=\"https:\/\/fecupral.sk\/wp-content\/uploads\/2024\/12\/kategorie-elektra_compressed.pdf\" target=\"_blank\">\n\t\t\t\t\t\t<span class=\"elementor-button-content-wrapper\">\n\t\t\t\t\t\t\t\t\t<span class=\"elementor-button-text\">SHOW CATEGORIES ELECTRA<\/span>\n\t\t\t\t\t<\/span>\n\t\t\t\t\t<\/a>\n\t\t\t\t<\/div>\n\t\t\t\t\t\t\t\t<\/div>\n\t\t\t\t<\/div>\n\t\t\t\t<\/div>\n\t\t\t\t\t<\/div>\n\t\t\t\t<\/div>\n\t\t\t\t<\/div>","protected":false},"excerpt":{"rendered":"<p>RECYKLUJEME Elektro R\u00fdchle tempo obmeny spotrebnej elektroniky u u\u017e\u00edvate\u013eov sp\u00f4sobuje zna\u010dn\u00fd n\u00e1rast objemu elektroodpadu. V mnoh\u00fdch t\u00fdchto vyraden\u00fdch elektrozariadeniach sa okrem nebezpe\u010dn\u00fdch \u010dast\u00ed nach\u00e1dzaj\u00fa aj prvky, ktor\u00e9 s\u00fa z h\u013eadiska recykl\u00e1cie naopak ve\u013emi zauj\u00edmav\u00e9. Ide predov\u0161etk\u00fdm o u\u0161\u013eachtil\u00e9 kovy, ktor\u00e9 je mo\u017en\u00e9 pri v\u00e4\u010d\u0161\u00edch objemoch odpadu efekt\u00edvne spracova\u0165 a z\u00edskava\u0165 sp\u00e4\u0165. Prv\u00fdm krokom pri recykl\u00e1cii [&hellip;]<\/p>\n","protected":false},"author":2,"featured_media":0,"parent":1402,"menu_order":0,"comment_status":"closed","ping_status":"closed","template":"","meta":{"footnotes":""},"class_list":["post-2946","page","type-page","status-publish","hentry"],"yoast_head":"<!-- This site is optimized with the Yoast SEO plugin v27.4 - https:\/\/yoast.com\/product\/yoast-seo-wordpress\/ -->\n<title>Elektro | Fecupral<\/title>\n<meta name=\"description\" content=\"Recykl\u00e1cia elektro-spotrebi\u010dov: Ro\u010dne sa vyrob\u00ed viac ako 300 mili\u00f3nov kusov po\u010d\u00edta\u010dov a pribli\u017ene jedna miliarda mobiln\u00fdch telef\u00f3nov.\" \/>\n<meta name=\"robots\" content=\"index, follow, max-snippet:-1, max-image-preview:large, max-video-preview:-1\" \/>\n<link rel=\"canonical\" href=\"https:\/\/fecupral.sk\/en\/our-services\/we-recycle\/electro\/\" \/>\n<meta property=\"og:locale\" content=\"en_US\" \/>\n<meta property=\"og:type\" content=\"article\" \/>\n<meta property=\"og:title\" content=\"Elektro | Fecupral\" \/>\n<meta property=\"og:description\" content=\"Recykl\u00e1cia elektro-spotrebi\u010dov: Ro\u010dne sa vyrob\u00ed viac ako 300 mili\u00f3nov kusov po\u010d\u00edta\u010dov a pribli\u017ene jedna miliarda mobiln\u00fdch telef\u00f3nov.\" \/>\n<meta property=\"og:url\" content=\"https:\/\/fecupral.sk\/en\/our-services\/we-recycle\/electro\/\" \/>\n<meta property=\"og:site_name\" content=\"FECUPRAL, spol. s r.o.\" \/>\n<meta property=\"article:modified_time\" content=\"2025-02-19T19:32:56+00:00\" \/>\n<meta property=\"og:image\" content=\"https:\/\/fecupral.sk\/wp-content\/uploads\/2025\/01\/elektro-2-1-1-782x1024.png\" \/>\n<meta name=\"twitter:card\" content=\"summary_large_image\" \/>\n<meta name=\"twitter:label1\" content=\"Est. reading time\" \/>\n\t<meta name=\"twitter:data1\" content=\"1 minute\" \/>\n<script type=\"application\/ld+json\" class=\"yoast-schema-graph\">{\"@context\":\"https:\\\/\\\/schema.org\",\"@graph\":[{\"@type\":\"WebPage\",\"@id\":\"https:\\\/\\\/fecupral.sk\\\/nase-sluzby\\\/recyklujeme\\\/elektro\\\/\",\"url\":\"https:\\\/\\\/fecupral.sk\\\/nase-sluzby\\\/recyklujeme\\\/elektro\\\/\",\"name\":\"Elektro | Fecupral\",\"isPartOf\":{\"@id\":\"https:\\\/\\\/fecupral.sk\\\/#website\"},\"primaryImageOfPage\":{\"@id\":\"https:\\\/\\\/fecupral.sk\\\/nase-sluzby\\\/recyklujeme\\\/elektro\\\/#primaryimage\"},\"image\":{\"@id\":\"https:\\\/\\\/fecupral.sk\\\/nase-sluzby\\\/recyklujeme\\\/elektro\\\/#primaryimage\"},\"thumbnailUrl\":\"https:\\\/\\\/fecupral.sk\\\/wp-content\\\/uploads\\\/2025\\\/01\\\/elektro-2-1-1-782x1024.png\",\"datePublished\":\"2024-12-26T16:59:08+00:00\",\"dateModified\":\"2025-02-19T19:32:56+00:00\",\"description\":\"Recykl\u00e1cia elektro-spotrebi\u010dov: Ro\u010dne sa vyrob\u00ed viac ako 300 mili\u00f3nov kusov po\u010d\u00edta\u010dov a pribli\u017ene jedna miliarda mobiln\u00fdch telef\u00f3nov.\",\"breadcrumb\":{\"@id\":\"https:\\\/\\\/fecupral.sk\\\/nase-sluzby\\\/recyklujeme\\\/elektro\\\/#breadcrumb\"},\"inLanguage\":\"en-US\",\"potentialAction\":[{\"@type\":\"ReadAction\",\"target\":[\"https:\\\/\\\/fecupral.sk\\\/nase-sluzby\\\/recyklujeme\\\/elektro\\\/\"]}]},{\"@type\":\"ImageObject\",\"inLanguage\":\"en-US\",\"@id\":\"https:\\\/\\\/fecupral.sk\\\/nase-sluzby\\\/recyklujeme\\\/elektro\\\/#primaryimage\",\"url\":\"https:\\\/\\\/fecupral.sk\\\/wp-content\\\/uploads\\\/2025\\\/01\\\/elektro-2-1-1-782x1024.png\",\"contentUrl\":\"https:\\\/\\\/fecupral.sk\\\/wp-content\\\/uploads\\\/2025\\\/01\\\/elektro-2-1-1-782x1024.png\"},{\"@type\":\"BreadcrumbList\",\"@id\":\"https:\\\/\\\/fecupral.sk\\\/nase-sluzby\\\/recyklujeme\\\/elektro\\\/#breadcrumb\",\"itemListElement\":[{\"@type\":\"ListItem\",\"position\":1,\"name\":\"Domovsk\u00e1 str\u00e1nka\",\"item\":\"https:\\\/\\\/fecupral.sk\\\/\"},{\"@type\":\"ListItem\",\"position\":2,\"name\":\"Na\u0161e slu\u017eby\",\"item\":\"https:\\\/\\\/fecupral.sk\\\/nase-sluzby\\\/\"},{\"@type\":\"ListItem\",\"position\":3,\"name\":\"Recyklujeme\",\"item\":\"https:\\\/\\\/fecupral.sk\\\/nase-sluzby\\\/recyklujeme\\\/\"},{\"@type\":\"ListItem\",\"position\":4,\"name\":\"Elektro\"}]},{\"@type\":\"WebSite\",\"@id\":\"https:\\\/\\\/fecupral.sk\\\/#website\",\"url\":\"https:\\\/\\\/fecupral.sk\\\/\",\"name\":\"FECUPRAL\",\"description\":\"Va\u0161e odpady, na\u0161e rie\u0161enie\",\"publisher\":{\"@id\":\"https:\\\/\\\/fecupral.sk\\\/#organization\"},\"potentialAction\":[{\"@type\":\"SearchAction\",\"target\":{\"@type\":\"EntryPoint\",\"urlTemplate\":\"https:\\\/\\\/fecupral.sk\\\/?s={search_term_string}\"},\"query-input\":{\"@type\":\"PropertyValueSpecification\",\"valueRequired\":true,\"valueName\":\"search_term_string\"}}],\"inLanguage\":\"en-US\"},{\"@type\":\"Organization\",\"@id\":\"https:\\\/\\\/fecupral.sk\\\/#organization\",\"name\":\"FECUPRAL\",\"url\":\"https:\\\/\\\/fecupral.sk\\\/\",\"logo\":{\"@type\":\"ImageObject\",\"inLanguage\":\"en-US\",\"@id\":\"https:\\\/\\\/fecupral.sk\\\/#\\\/schema\\\/logo\\\/image\\\/\",\"url\":\"https:\\\/\\\/fecupral.sk\\\/wp-content\\\/uploads\\\/2025\\\/02\\\/favicon-fecupral.png\",\"contentUrl\":\"https:\\\/\\\/fecupral.sk\\\/wp-content\\\/uploads\\\/2025\\\/02\\\/favicon-fecupral.png\",\"width\":500,\"height\":500,\"caption\":\"FECUPRAL\"},\"image\":{\"@id\":\"https:\\\/\\\/fecupral.sk\\\/#\\\/schema\\\/logo\\\/image\\\/\"}}]}<\/script>\n<!-- \/ Yoast SEO plugin. -->","yoast_head_json":{"title":"Electro | Fecupral","description":"Recycling of electrical appliances: more than 300 million computers and around one billion mobile phones are produced annually.","robots":{"index":"index","follow":"follow","max-snippet":"max-snippet:-1","max-image-preview":"max-image-preview:large","max-video-preview":"max-video-preview:-1"},"canonical":"https:\/\/fecupral.sk\/en\/our-services\/we-recycle\/electro\/","og_locale":"en_US","og_type":"article","og_title":"Elektro | Fecupral","og_description":"Recykl\u00e1cia elektro-spotrebi\u010dov: Ro\u010dne sa vyrob\u00ed viac ako 300 mili\u00f3nov kusov po\u010d\u00edta\u010dov a pribli\u017ene jedna miliarda mobiln\u00fdch telef\u00f3nov.","og_url":"https:\/\/fecupral.sk\/en\/our-services\/we-recycle\/electro\/","og_site_name":"FECUPRAL, spol. s r.o.","article_modified_time":"2025-02-19T19:32:56+00:00","og_image":[{"url":"https:\/\/fecupral.sk\/wp-content\/uploads\/2025\/01\/elektro-2-1-1-782x1024.png","type":"","width":"","height":""}],"twitter_card":"summary_large_image","twitter_misc":{"Est. reading time":"1 minute"},"schema":{"@context":"https:\/\/schema.org","@graph":[{"@type":"WebPage","@id":"https:\/\/fecupral.sk\/nase-sluzby\/recyklujeme\/elektro\/","url":"https:\/\/fecupral.sk\/nase-sluzby\/recyklujeme\/elektro\/","name":"Electro | Fecupral","isPartOf":{"@id":"https:\/\/fecupral.sk\/#website"},"primaryImageOfPage":{"@id":"https:\/\/fecupral.sk\/nase-sluzby\/recyklujeme\/elektro\/#primaryimage"},"image":{"@id":"https:\/\/fecupral.sk\/nase-sluzby\/recyklujeme\/elektro\/#primaryimage"},"thumbnailUrl":"https:\/\/fecupral.sk\/wp-content\/uploads\/2025\/01\/elektro-2-1-1-782x1024.png","datePublished":"2024-12-26T16:59:08+00:00","dateModified":"2025-02-19T19:32:56+00:00","description":"Recycling of electrical appliances: more than 300 million computers and around one billion mobile phones are produced annually.","breadcrumb":{"@id":"https:\/\/fecupral.sk\/nase-sluzby\/recyklujeme\/elektro\/#breadcrumb"},"inLanguage":"en-US","potentialAction":[{"@type":"ReadAction","target":["https:\/\/fecupral.sk\/nase-sluzby\/recyklujeme\/elektro\/"]}]},{"@type":"ImageObject","inLanguage":"en-US","@id":"https:\/\/fecupral.sk\/nase-sluzby\/recyklujeme\/elektro\/#primaryimage","url":"https:\/\/fecupral.sk\/wp-content\/uploads\/2025\/01\/elektro-2-1-1-782x1024.png","contentUrl":"https:\/\/fecupral.sk\/wp-content\/uploads\/2025\/01\/elektro-2-1-1-782x1024.png"},{"@type":"BreadcrumbList","@id":"https:\/\/fecupral.sk\/nase-sluzby\/recyklujeme\/elektro\/#breadcrumb","itemListElement":[{"@type":"ListItem","position":1,"name":"Domovsk\u00e1 str\u00e1nka","item":"https:\/\/fecupral.sk\/"},{"@type":"ListItem","position":2,"name":"Na\u0161e slu\u017eby","item":"https:\/\/fecupral.sk\/nase-sluzby\/"},{"@type":"ListItem","position":3,"name":"Recyklujeme","item":"https:\/\/fecupral.sk\/nase-sluzby\/recyklujeme\/"},{"@type":"ListItem","position":4,"name":"Elektro"}]},{"@type":"WebSite","@id":"https:\/\/fecupral.sk\/#website","url":"https:\/\/fecupral.sk\/","name":"FECUPRAL","description":"Your waste, our solution","publisher":{"@id":"https:\/\/fecupral.sk\/#organization"},"potentialAction":[{"@type":"SearchAction","target":{"@type":"EntryPoint","urlTemplate":"https:\/\/fecupral.sk\/?s={search_term_string}"},"query-input":{"@type":"PropertyValueSpecification","valueRequired":true,"valueName":"search_term_string"}}],"inLanguage":"en-US"},{"@type":"Organization","@id":"https:\/\/fecupral.sk\/#organization","name":"FECUPRAL","url":"https:\/\/fecupral.sk\/","logo":{"@type":"ImageObject","inLanguage":"en-US","@id":"https:\/\/fecupral.sk\/#\/schema\/logo\/image\/","url":"https:\/\/fecupral.sk\/wp-content\/uploads\/2025\/02\/favicon-fecupral.png","contentUrl":"https:\/\/fecupral.sk\/wp-content\/uploads\/2025\/02\/favicon-fecupral.png","width":500,"height":500,"caption":"FECUPRAL"},"image":{"@id":"https:\/\/fecupral.sk\/#\/schema\/logo\/image\/"}}]}},"_links":{"self":[{"href":"https:\/\/fecupral.sk\/en\/wp-json\/wp\/v2\/pages\/2946","targetHints":{"allow":["GET"]}}],"collection":[{"href":"https:\/\/fecupral.sk\/en\/wp-json\/wp\/v2\/pages"}],"about":[{"href":"https:\/\/fecupral.sk\/en\/wp-json\/wp\/v2\/types\/page"}],"author":[{"embeddable":true,"href":"https:\/\/fecupral.sk\/en\/wp-json\/wp\/v2\/users\/2"}],"replies":[{"embeddable":true,"href":"https:\/\/fecupral.sk\/en\/wp-json\/wp\/v2\/comments?post=2946"}],"version-history":[{"count":13,"href":"https:\/\/fecupral.sk\/en\/wp-json\/wp\/v2\/pages\/2946\/revisions"}],"predecessor-version":[{"id":3220,"href":"https:\/\/fecupral.sk\/en\/wp-json\/wp\/v2\/pages\/2946\/revisions\/3220"}],"up":[{"embeddable":true,"href":"https:\/\/fecupral.sk\/en\/wp-json\/wp\/v2\/pages\/1402"}],"wp:attachment":[{"href":"https:\/\/fecupral.sk\/en\/wp-json\/wp\/v2\/media?parent=2946"}],"curies":[{"name":"wp","href":"https:\/\/api.w.org\/{rel}","templated":true}]}}