{"id":2981,"date":"2024-12-26T18:21:32","date_gmt":"2024-12-26T17:21:32","guid":{"rendered":"https:\/\/new.fecupral.sk\/?page_id=2981"},"modified":"2025-02-19T20:28:04","modified_gmt":"2025-02-19T19:28:04","slug":"batteries-and-accumulators","status":"publish","type":"page","link":"https:\/\/fecupral.sk\/en\/nase-sluzby\/recyklujeme\/baterie-a-akumulatory\/","title":{"rendered":"Batteries and Accumulators"},"content":{"rendered":"<div data-elementor-type=\"wp-page\" data-elementor-id=\"2981\" class=\"elementor elementor-2981\" data-elementor-settings=\"{&quot;ha_cmc_init_switcher&quot;:&quot;no&quot;}\" data-elementor-post-type=\"page\">\n\t\t\t\t<div class=\"elementor-element elementor-element-6d260a4 e-flex e-con-boxed e-con e-parent\" data-id=\"6d260a4\" data-element_type=\"container\" data-e-type=\"container\" data-settings=\"{&quot;background_background&quot;:&quot;classic&quot;,&quot;_ha_eqh_enable&quot;:false}\">\n\t\t\t\t\t<div class=\"e-con-inner\">\n\t\t\t\t<div class=\"elementor-element elementor-element-016489a elementor-invisible elementor-widget elementor-widget-heading\" data-id=\"016489a\" data-element_type=\"widget\" data-e-type=\"widget\" data-settings=\"{&quot;_animation&quot;:&quot;fadeInDown&quot;}\" data-widget_type=\"heading.default\">\n\t\t\t\t<div class=\"elementor-widget-container\">\n\t\t\t\t\t<h2 class=\"elementor-heading-title elementor-size-default\">WE RECYCLE<\/h2>\t\t\t\t<\/div>\n\t\t\t\t<\/div>\n\t\t\t\t<div class=\"elementor-element elementor-element-747b11e elementor-invisible elementor-widget elementor-widget-heading\" data-id=\"747b11e\" data-element_type=\"widget\" data-e-type=\"widget\" data-settings=\"{&quot;_animation&quot;:&quot;fadeInUp&quot;}\" data-widget_type=\"heading.default\">\n\t\t\t\t<div class=\"elementor-widget-container\">\n\t\t\t\t\t<h2 class=\"elementor-heading-title elementor-size-default\">Batteries and Accumulators<\/h2>\t\t\t\t<\/div>\n\t\t\t\t<\/div>\n\t\t\t\t\t<\/div>\n\t\t\t\t<\/div>\n\t\t<div class=\"elementor-element elementor-element-da66313 e-flex e-con-boxed e-con e-parent\" data-id=\"da66313\" data-element_type=\"container\" data-e-type=\"container\" data-settings=\"{&quot;_ha_eqh_enable&quot;:false}\">\n\t\t\t\t\t<div class=\"e-con-inner\">\n\t\t<div class=\"elementor-element elementor-element-0260324 e-con-full e-flex e-con e-child\" data-id=\"0260324\" data-element_type=\"container\" data-e-type=\"container\" data-settings=\"{&quot;_ha_eqh_enable&quot;:false}\">\n\t\t\t\t<div class=\"elementor-element elementor-element-dd3e177 elementor-widget elementor-widget-text-editor\" data-id=\"dd3e177\" data-element_type=\"widget\" data-e-type=\"widget\" data-widget_type=\"text-editor.default\">\n\t\t\t\t<div class=\"elementor-widget-container\">\n\t\t\t\t\t\t\t\t\t<p>Lorem ipsum dolor sit amet, consectetur adipiscing elit, sed do eiusmod tempor incididunt ut labore et dolore magna aliqua. Ut enim ad minim veniam, quis nostrud exercitation ullamco laboris nisi ut aliquip ex ea commodo consequat. Duis aute irure dolor in reprehenderit in voluptate velit esse cillum dolore eu fugiat nulla pariatur. Excepteur sint occaecat cupidatat non proident, sunt in culpa qui officia deserunt mollit anim id est laborum.<\/p>\t\t\t\t\t\t\t\t<\/div>\n\t\t\t\t<\/div>\n\t\t\t\t<\/div>\n\t\t\t\t\t<\/div>\n\t\t\t\t<\/div>\n\t\t<div class=\"elementor-element elementor-element-5abb3b7 e-flex e-con-boxed e-con e-parent\" data-id=\"5abb3b7\" data-element_type=\"container\" data-e-type=\"container\" data-settings=\"{&quot;background_background&quot;:&quot;classic&quot;,&quot;_ha_eqh_enable&quot;:false}\">\n\t\t\t\t\t<div class=\"e-con-inner\">\n\t\t<div class=\"elementor-element elementor-element-c95e32b e-con-full e-flex e-con e-child\" data-id=\"c95e32b\" data-element_type=\"container\" data-e-type=\"container\" data-settings=\"{&quot;_ha_eqh_enable&quot;:false}\">\n\t\t\t\t<div class=\"elementor-element elementor-element-cc80fd6 elementor-widget elementor-widget-text-editor\" data-id=\"cc80fd6\" data-element_type=\"widget\" data-e-type=\"widget\" data-widget_type=\"text-editor.default\">\n\t\t\t\t<div class=\"elementor-widget-container\">\n\t\t\t\t\t\t\t\t\t<p>\"If we recycled 1 tonne of batteries, <span style=\"color: #b1ca29;\">we would get <br>up to 650 kg of secondary raw materials, <\/span>especially metals.\"<\/p>\t\t\t\t\t\t\t\t<\/div>\n\t\t\t\t<\/div>\n\t\t\t\t<\/div>\n\t\t\t\t\t<\/div>\n\t\t\t\t<\/div>\n\t\t<div class=\"elementor-element elementor-element-0214548 e-flex e-con-boxed e-con e-parent\" data-id=\"0214548\" data-element_type=\"container\" data-e-type=\"container\" data-settings=\"{&quot;_ha_eqh_enable&quot;:false}\">\n\t\t\t\t\t<div class=\"e-con-inner\">\n\t\t<div class=\"elementor-element elementor-element-3bc7e3a e-con-full e-flex e-con e-child\" data-id=\"3bc7e3a\" data-element_type=\"container\" data-e-type=\"container\" data-settings=\"{&quot;_ha_eqh_enable&quot;:false}\">\n\t\t\t\t<div class=\"elementor-element elementor-element-fe563ea elementor-widget elementor-widget-image\" data-id=\"fe563ea\" data-element_type=\"widget\" data-e-type=\"widget\" data-widget_type=\"image.default\">\n\t\t\t\t<div class=\"elementor-widget-container\">\n\t\t\t\t\t\t\t\t\t\t\t\t\t\t\t<img fetchpriority=\"high\" decoding=\"async\" width=\"629\" height=\"817\" src=\"https:\/\/fecupral.sk\/wp-content\/uploads\/2025\/01\/baterie-a-akumulatory-1-1.png\" class=\"attachment-large size-large wp-image-3147\" alt=\"\" srcset=\"https:\/\/fecupral.sk\/wp-content\/uploads\/2025\/01\/baterie-a-akumulatory-1-1.png 629w, https:\/\/fecupral.sk\/wp-content\/uploads\/2025\/01\/baterie-a-akumulatory-1-1-231x300.png 231w\" sizes=\"(max-width: 629px) 100vw, 629px\" \/>\t\t\t\t\t\t\t\t\t\t\t\t\t\t\t<\/div>\n\t\t\t\t<\/div>\n\t\t\t\t<div class=\"elementor-element elementor-element-ce1aac1 elementor-align-center elementor-mobile-align-center elementor-widget elementor-widget-button\" data-id=\"ce1aac1\" data-element_type=\"widget\" data-e-type=\"widget\" data-widget_type=\"button.default\">\n\t\t\t\t<div class=\"elementor-widget-container\">\n\t\t\t\t\t\t\t\t\t<div class=\"elementor-button-wrapper\">\n\t\t\t\t\t<a class=\"elementor-button elementor-size-sm\" role=\"button\">\n\t\t\t\t\t\t<span class=\"elementor-button-content-wrapper\">\n\t\t\t\t\t\t\t\t\t<span class=\"elementor-button-text\">SHOW BATTERY AND ACCUMULATOR CATEGORIES<\/span>\n\t\t\t\t\t<\/span>\n\t\t\t\t\t<\/a>\n\t\t\t\t<\/div>\n\t\t\t\t\t\t\t\t<\/div>\n\t\t\t\t<\/div>\n\t\t\t\t<\/div>\n\t\t\t\t\t<\/div>\n\t\t\t\t<\/div>\n\t\t\t\t<\/div>","protected":false},"excerpt":{"rendered":"<p>RECYKLUJEME Bat\u00e9rie a akumul\u00e1tory Lorem ipsum dolor sit amet, consectetur adipiscing elit, sed do eiusmod tempor incididunt ut labore et dolore magna aliqua. Ut enim ad minim veniam, quis nostrud exercitation ullamco laboris nisi ut aliquip ex ea commodo consequat. Duis aute irure dolor in reprehenderit in voluptate velit esse cillum dolore eu fugiat nulla [&hellip;]<\/p>\n","protected":false},"author":2,"featured_media":0,"parent":1402,"menu_order":0,"comment_status":"closed","ping_status":"closed","template":"","meta":{"footnotes":""},"class_list":["post-2981","page","type-page","status-publish","hentry"],"yoast_head":"<!-- This site is optimized with the Yoast SEO plugin v27.4 - https:\/\/yoast.com\/product\/yoast-seo-wordpress\/ -->\n<title>Bat\u00e9rie a akumul\u00e1tory | Fecupral<\/title>\n<meta name=\"description\" content=\"Bat\u00e9rie a akumul\u00e1tory vzh\u013eadom na ich chemick\u00e9 zlo\u017eenie vykazuj\u00face nebezpe\u010dn\u00e9 vlastnosti je nevyhnutn\u00fd ich separovan\u00fd zber.\" \/>\n<meta name=\"robots\" content=\"index, follow, max-snippet:-1, max-image-preview:large, max-video-preview:-1\" \/>\n<link rel=\"canonical\" href=\"https:\/\/fecupral.sk\/en\/our-services\/we-recycle\/batteries-and-accumulators\/\" \/>\n<meta property=\"og:locale\" content=\"en_US\" \/>\n<meta property=\"og:type\" content=\"article\" \/>\n<meta property=\"og:title\" content=\"Bat\u00e9rie a akumul\u00e1tory | Fecupral\" \/>\n<meta property=\"og:description\" content=\"Bat\u00e9rie a akumul\u00e1tory vzh\u013eadom na ich chemick\u00e9 zlo\u017eenie vykazuj\u00face nebezpe\u010dn\u00e9 vlastnosti je nevyhnutn\u00fd ich separovan\u00fd zber.\" \/>\n<meta property=\"og:url\" content=\"https:\/\/fecupral.sk\/en\/our-services\/we-recycle\/batteries-and-accumulators\/\" \/>\n<meta property=\"og:site_name\" content=\"FECUPRAL, spol. s r.o.\" \/>\n<meta property=\"article:modified_time\" content=\"2025-02-19T19:28:04+00:00\" \/>\n<meta property=\"og:image\" content=\"https:\/\/fecupral.sk\/wp-content\/uploads\/2025\/01\/baterie-a-akumulatory-1-1.png\" \/>\n<meta name=\"twitter:card\" content=\"summary_large_image\" \/>\n<meta name=\"twitter:label1\" content=\"Est. reading time\" \/>\n\t<meta name=\"twitter:data1\" content=\"1 minute\" \/>\n<script type=\"application\/ld+json\" class=\"yoast-schema-graph\">{\"@context\":\"https:\\\/\\\/schema.org\",\"@graph\":[{\"@type\":\"WebPage\",\"@id\":\"https:\\\/\\\/fecupral.sk\\\/nase-sluzby\\\/recyklujeme\\\/baterie-a-akumulatory\\\/\",\"url\":\"https:\\\/\\\/fecupral.sk\\\/nase-sluzby\\\/recyklujeme\\\/baterie-a-akumulatory\\\/\",\"name\":\"Bat\u00e9rie a akumul\u00e1tory | Fecupral\",\"isPartOf\":{\"@id\":\"https:\\\/\\\/fecupral.sk\\\/#website\"},\"primaryImageOfPage\":{\"@id\":\"https:\\\/\\\/fecupral.sk\\\/nase-sluzby\\\/recyklujeme\\\/baterie-a-akumulatory\\\/#primaryimage\"},\"image\":{\"@id\":\"https:\\\/\\\/fecupral.sk\\\/nase-sluzby\\\/recyklujeme\\\/baterie-a-akumulatory\\\/#primaryimage\"},\"thumbnailUrl\":\"https:\\\/\\\/fecupral.sk\\\/wp-content\\\/uploads\\\/2025\\\/01\\\/baterie-a-akumulatory-1-1.png\",\"datePublished\":\"2024-12-26T17:21:32+00:00\",\"dateModified\":\"2025-02-19T19:28:04+00:00\",\"description\":\"Bat\u00e9rie a akumul\u00e1tory vzh\u013eadom na ich chemick\u00e9 zlo\u017eenie vykazuj\u00face nebezpe\u010dn\u00e9 vlastnosti je nevyhnutn\u00fd ich separovan\u00fd zber.\",\"breadcrumb\":{\"@id\":\"https:\\\/\\\/fecupral.sk\\\/nase-sluzby\\\/recyklujeme\\\/baterie-a-akumulatory\\\/#breadcrumb\"},\"inLanguage\":\"en-US\",\"potentialAction\":[{\"@type\":\"ReadAction\",\"target\":[\"https:\\\/\\\/fecupral.sk\\\/nase-sluzby\\\/recyklujeme\\\/baterie-a-akumulatory\\\/\"]}]},{\"@type\":\"ImageObject\",\"inLanguage\":\"en-US\",\"@id\":\"https:\\\/\\\/fecupral.sk\\\/nase-sluzby\\\/recyklujeme\\\/baterie-a-akumulatory\\\/#primaryimage\",\"url\":\"https:\\\/\\\/fecupral.sk\\\/wp-content\\\/uploads\\\/2025\\\/01\\\/baterie-a-akumulatory-1-1.png\",\"contentUrl\":\"https:\\\/\\\/fecupral.sk\\\/wp-content\\\/uploads\\\/2025\\\/01\\\/baterie-a-akumulatory-1-1.png\"},{\"@type\":\"BreadcrumbList\",\"@id\":\"https:\\\/\\\/fecupral.sk\\\/nase-sluzby\\\/recyklujeme\\\/baterie-a-akumulatory\\\/#breadcrumb\",\"itemListElement\":[{\"@type\":\"ListItem\",\"position\":1,\"name\":\"Domovsk\u00e1 str\u00e1nka\",\"item\":\"https:\\\/\\\/fecupral.sk\\\/\"},{\"@type\":\"ListItem\",\"position\":2,\"name\":\"Na\u0161e slu\u017eby\",\"item\":\"https:\\\/\\\/fecupral.sk\\\/nase-sluzby\\\/\"},{\"@type\":\"ListItem\",\"position\":3,\"name\":\"Recyklujeme\",\"item\":\"https:\\\/\\\/fecupral.sk\\\/nase-sluzby\\\/recyklujeme\\\/\"},{\"@type\":\"ListItem\",\"position\":4,\"name\":\"Bat\u00e9rie a akumul\u00e1tory\"}]},{\"@type\":\"WebSite\",\"@id\":\"https:\\\/\\\/fecupral.sk\\\/#website\",\"url\":\"https:\\\/\\\/fecupral.sk\\\/\",\"name\":\"FECUPRAL\",\"description\":\"Va\u0161e odpady, na\u0161e rie\u0161enie\",\"publisher\":{\"@id\":\"https:\\\/\\\/fecupral.sk\\\/#organization\"},\"potentialAction\":[{\"@type\":\"SearchAction\",\"target\":{\"@type\":\"EntryPoint\",\"urlTemplate\":\"https:\\\/\\\/fecupral.sk\\\/?s={search_term_string}\"},\"query-input\":{\"@type\":\"PropertyValueSpecification\",\"valueRequired\":true,\"valueName\":\"search_term_string\"}}],\"inLanguage\":\"en-US\"},{\"@type\":\"Organization\",\"@id\":\"https:\\\/\\\/fecupral.sk\\\/#organization\",\"name\":\"FECUPRAL\",\"url\":\"https:\\\/\\\/fecupral.sk\\\/\",\"logo\":{\"@type\":\"ImageObject\",\"inLanguage\":\"en-US\",\"@id\":\"https:\\\/\\\/fecupral.sk\\\/#\\\/schema\\\/logo\\\/image\\\/\",\"url\":\"https:\\\/\\\/fecupral.sk\\\/wp-content\\\/uploads\\\/2025\\\/02\\\/favicon-fecupral.png\",\"contentUrl\":\"https:\\\/\\\/fecupral.sk\\\/wp-content\\\/uploads\\\/2025\\\/02\\\/favicon-fecupral.png\",\"width\":500,\"height\":500,\"caption\":\"FECUPRAL\"},\"image\":{\"@id\":\"https:\\\/\\\/fecupral.sk\\\/#\\\/schema\\\/logo\\\/image\\\/\"}}]}<\/script>\n<!-- \/ Yoast SEO plugin. -->","yoast_head_json":{"title":"Batteries and accumulators | Fecupral","description":"Batteries and accumulators, due to their chemical composition showing hazardous properties, require separate collection.","robots":{"index":"index","follow":"follow","max-snippet":"max-snippet:-1","max-image-preview":"max-image-preview:large","max-video-preview":"max-video-preview:-1"},"canonical":"https:\/\/fecupral.sk\/en\/our-services\/we-recycle\/batteries-and-accumulators\/","og_locale":"en_US","og_type":"article","og_title":"Bat\u00e9rie a akumul\u00e1tory | Fecupral","og_description":"Bat\u00e9rie a akumul\u00e1tory vzh\u013eadom na ich chemick\u00e9 zlo\u017eenie vykazuj\u00face nebezpe\u010dn\u00e9 vlastnosti je nevyhnutn\u00fd ich separovan\u00fd zber.","og_url":"https:\/\/fecupral.sk\/en\/our-services\/we-recycle\/batteries-and-accumulators\/","og_site_name":"FECUPRAL, spol. s r.o.","article_modified_time":"2025-02-19T19:28:04+00:00","og_image":[{"url":"https:\/\/fecupral.sk\/wp-content\/uploads\/2025\/01\/baterie-a-akumulatory-1-1.png","type":"","width":"","height":""}],"twitter_card":"summary_large_image","twitter_misc":{"Est. reading time":"1 minute"},"schema":{"@context":"https:\/\/schema.org","@graph":[{"@type":"WebPage","@id":"https:\/\/fecupral.sk\/nase-sluzby\/recyklujeme\/baterie-a-akumulatory\/","url":"https:\/\/fecupral.sk\/nase-sluzby\/recyklujeme\/baterie-a-akumulatory\/","name":"Batteries and accumulators | Fecupral","isPartOf":{"@id":"https:\/\/fecupral.sk\/#website"},"primaryImageOfPage":{"@id":"https:\/\/fecupral.sk\/nase-sluzby\/recyklujeme\/baterie-a-akumulatory\/#primaryimage"},"image":{"@id":"https:\/\/fecupral.sk\/nase-sluzby\/recyklujeme\/baterie-a-akumulatory\/#primaryimage"},"thumbnailUrl":"https:\/\/fecupral.sk\/wp-content\/uploads\/2025\/01\/baterie-a-akumulatory-1-1.png","datePublished":"2024-12-26T17:21:32+00:00","dateModified":"2025-02-19T19:28:04+00:00","description":"Batteries and accumulators, due to their chemical composition showing hazardous properties, require separate collection.","breadcrumb":{"@id":"https:\/\/fecupral.sk\/nase-sluzby\/recyklujeme\/baterie-a-akumulatory\/#breadcrumb"},"inLanguage":"en-US","potentialAction":[{"@type":"ReadAction","target":["https:\/\/fecupral.sk\/nase-sluzby\/recyklujeme\/baterie-a-akumulatory\/"]}]},{"@type":"ImageObject","inLanguage":"en-US","@id":"https:\/\/fecupral.sk\/nase-sluzby\/recyklujeme\/baterie-a-akumulatory\/#primaryimage","url":"https:\/\/fecupral.sk\/wp-content\/uploads\/2025\/01\/baterie-a-akumulatory-1-1.png","contentUrl":"https:\/\/fecupral.sk\/wp-content\/uploads\/2025\/01\/baterie-a-akumulatory-1-1.png"},{"@type":"BreadcrumbList","@id":"https:\/\/fecupral.sk\/nase-sluzby\/recyklujeme\/baterie-a-akumulatory\/#breadcrumb","itemListElement":[{"@type":"ListItem","position":1,"name":"Domovsk\u00e1 str\u00e1nka","item":"https:\/\/fecupral.sk\/"},{"@type":"ListItem","position":2,"name":"Na\u0161e slu\u017eby","item":"https:\/\/fecupral.sk\/nase-sluzby\/"},{"@type":"ListItem","position":3,"name":"Recyklujeme","item":"https:\/\/fecupral.sk\/nase-sluzby\/recyklujeme\/"},{"@type":"ListItem","position":4,"name":"Bat\u00e9rie a akumul\u00e1tory"}]},{"@type":"WebSite","@id":"https:\/\/fecupral.sk\/#website","url":"https:\/\/fecupral.sk\/","name":"FECUPRAL","description":"Your waste, our solution","publisher":{"@id":"https:\/\/fecupral.sk\/#organization"},"potentialAction":[{"@type":"SearchAction","target":{"@type":"EntryPoint","urlTemplate":"https:\/\/fecupral.sk\/?s={search_term_string}"},"query-input":{"@type":"PropertyValueSpecification","valueRequired":true,"valueName":"search_term_string"}}],"inLanguage":"en-US"},{"@type":"Organization","@id":"https:\/\/fecupral.sk\/#organization","name":"FECUPRAL","url":"https:\/\/fecupral.sk\/","logo":{"@type":"ImageObject","inLanguage":"en-US","@id":"https:\/\/fecupral.sk\/#\/schema\/logo\/image\/","url":"https:\/\/fecupral.sk\/wp-content\/uploads\/2025\/02\/favicon-fecupral.png","contentUrl":"https:\/\/fecupral.sk\/wp-content\/uploads\/2025\/02\/favicon-fecupral.png","width":500,"height":500,"caption":"FECUPRAL"},"image":{"@id":"https:\/\/fecupral.sk\/#\/schema\/logo\/image\/"}}]}},"_links":{"self":[{"href":"https:\/\/fecupral.sk\/en\/wp-json\/wp\/v2\/pages\/2981","targetHints":{"allow":["GET"]}}],"collection":[{"href":"https:\/\/fecupral.sk\/en\/wp-json\/wp\/v2\/pages"}],"about":[{"href":"https:\/\/fecupral.sk\/en\/wp-json\/wp\/v2\/types\/page"}],"author":[{"embeddable":true,"href":"https:\/\/fecupral.sk\/en\/wp-json\/wp\/v2\/users\/2"}],"replies":[{"embeddable":true,"href":"https:\/\/fecupral.sk\/en\/wp-json\/wp\/v2\/comments?post=2981"}],"version-history":[{"count":19,"href":"https:\/\/fecupral.sk\/en\/wp-json\/wp\/v2\/pages\/2981\/revisions"}],"predecessor-version":[{"id":3229,"href":"https:\/\/fecupral.sk\/en\/wp-json\/wp\/v2\/pages\/2981\/revisions\/3229"}],"up":[{"embeddable":true,"href":"https:\/\/fecupral.sk\/en\/wp-json\/wp\/v2\/pages\/1402"}],"wp:attachment":[{"href":"https:\/\/fecupral.sk\/en\/wp-json\/wp\/v2\/media?parent=2981"}],"curies":[{"name":"wp","href":"https:\/\/api.w.org\/{rel}","templated":true}]}}